{"id":134,"date":"2019-06-10T22:25:28","date_gmt":"2019-06-10T20:25:28","guid":{"rendered":"http:\/\/www.memso.org\/net\/?page_id=134"},"modified":"2020-11-21T14:48:30","modified_gmt":"2020-11-21T13:48:30","slug":"michael-assie","status":"publish","type":"page","link":"https:\/\/www.memso.org\/net\/index.php\/michael-assie\/","title":{"rendered":"Michael ASSIE"},"content":{"rendered":"<p><img loading=\"lazy\" decoding=\"async\" class=\"size-medium wp-image-41 alignleft\" src=\"http:\/\/www.memso.org\/net\/wp-content\/uploads\/2019\/05\/Mika-300x200.jpg\" alt=\"\" width=\"300\" height=\"200\" srcset=\"https:\/\/www.memso.org\/net\/wp-content\/uploads\/2019\/05\/Mika-300x200.jpg 300w, https:\/\/www.memso.org\/net\/wp-content\/uploads\/2019\/05\/Mika.jpg 640w\" sizes=\"auto, (max-width: 300px) 100vw, 300px\" \/><strong><span style=\"color: #808080; font-family: verdana,geneva,sans-serif;\">Com\u00e9dien<\/span><\/strong><\/p>\n<p><span style=\"color: #808080; font-family: verdana,geneva,sans-serif;\">A 19 ans, Michael Assi\u00e9 pousse les portes du <em><strong>Th\u00e9\u00e2tre en Miettes<\/strong><\/em> dirig\u00e9 par Jean-Claude Parent. C\u2019est alors que d\u00e9bute sa carri\u00e8re de com\u00e9dien. Du drame (<em><strong>Peine perdue<\/strong><\/em> de M. Gompel et A.Jarjanette \/ <em><strong>Closer<\/strong><\/em> de P. Marber) \u00e0 la com\u00e9die (<em><strong>Entre deux \u00e9tages<\/strong><\/em>&nbsp;d\u2019Ambre Kuropatwa \/ <em><strong>Un air de famille<\/strong><\/em> de Bacri\/Jaoui), en passant par le jeune public (F<em><strong>airy tale Heart<\/strong><\/em> de P. Ridley), \u00eatre com\u00e9dien pour lui devient&nbsp; une n\u00e9cessit\u00e9, une \u00e9vidence. <\/span><\/p>\n<p><span style=\"color: #808080; font-family: verdana,geneva,sans-serif;\">A l\u2019\u00e9cran, on le d\u00e9couvre aux c\u00f4t\u00e9s de Pierre Arditi, Sandrine Bonnaire, Thierry Neuvic, Alix Poisson, Michael Youn, Audrey Dana \u2026 D\u2019origine espagnole et parfaitement bilingue, il joue dans le court-m\u00e9trage <em><strong>Seg\u00f9n Mateo<\/strong><\/em> d\u2019O. Chami et E. Gimeno. En 2018, il recevra le prix d\u2019interpr\u00e9tation ARDA pour sa performance dans \u00ab&nbsp;La Parenth\u00e8se des hu\u00eetres&nbsp;\u00bb. <\/span><span style=\"color: #808080; font-family: verdana,geneva,sans-serif;\">En 2019, avec la compagnie Memso, il interpr\u00e8te le r\u00f4le sur mesure de Kid dans la pi\u00e8ce <i>Tunnel <\/i>de C\u00e9line Perra. En 2021, il jouera dans la premi\u00e8re pi\u00e8ce jeune public de la compagnie <i>Son parfum d&rsquo;avalanche <\/i>de Dominique Paquet mis en sc\u00e8ne par St\u00e9phanie Pucheu<i>.<\/i><br \/>\n<\/span><\/p>\n","protected":false},"excerpt":{"rendered":"<p>Com\u00e9dien A 19 ans, Michael Assi\u00e9 pousse les portes du Th\u00e9\u00e2tre en Miettes dirig\u00e9 par Jean-Claude Parent. C\u2019est alors que d\u00e9bute sa carri\u00e8re de com\u00e9dien. Du drame (Peine perdue de M. Gompel et A.Jarjanette \/ Closer de P. Marber) \u00e0 la com\u00e9die (Entre deux \u00e9tages&nbsp;d\u2019Ambre Kuropatwa \/ Un air de famille de Bacri\/Jaoui), en passant [&hellip;]<\/p>\n","protected":false},"author":2,"featured_media":439,"parent":0,"menu_order":0,"comment_status":"closed","ping_status":"closed","template":"","meta":{"advgb_blocks_editor_width":"","advgb_blocks_columns_visual_guide":"","ngg_post_thumbnail":0,"_themeisle_gutenberg_block_has_review":false,"footnotes":""},"class_list":["post-134","page","type-page","status-publish","has-post-thumbnail","hentry"],"yoast_head":"<!-- This site is optimized with the Yoast SEO plugin v17.3 - https:\/\/yoast.com\/wordpress\/plugins\/seo\/ -->\n<title>Michael ASSIE - La Compagnie Memso<\/title>\n<meta name=\"robots\" content=\"index, follow, max-snippet:-1, max-image-preview:large, max-video-preview:-1\" \/>\n<link rel=\"canonical\" href=\"https:\/\/www.memso.org\/net\/index.php\/michael-assie\/\" \/>\n<meta property=\"og:locale\" content=\"fr_FR\" \/>\n<meta property=\"og:type\" content=\"article\" \/>\n<meta property=\"og:title\" content=\"Michael ASSIE - La Compagnie Memso\" \/>\n<meta property=\"og:description\" content=\"Com\u00e9dien A 19 ans, Michael Assi\u00e9 pousse les portes du Th\u00e9\u00e2tre en Miettes dirig\u00e9 par Jean-Claude Parent. C\u2019est alors que d\u00e9bute sa carri\u00e8re de com\u00e9dien. Du drame (Peine perdue de M. Gompel et A.Jarjanette \/ Closer de P. Marber) \u00e0 la com\u00e9die (Entre deux \u00e9tages&nbsp;d\u2019Ambre Kuropatwa \/ Un air de famille de Bacri\/Jaoui), en passant [&hellip;]\" \/>\n<meta property=\"og:url\" content=\"https:\/\/www.memso.org\/net\/index.php\/michael-assie\/\" \/>\n<meta property=\"og:site_name\" content=\"La Compagnie Memso\" \/>\n<meta property=\"article:modified_time\" content=\"2020-11-21T13:48:30+00:00\" \/>\n<meta property=\"og:image\" content=\"https:\/\/www.memso.org\/net\/wp-content\/uploads\/2019\/06\/MIKA-4.jpg\" \/>\n\t<meta property=\"og:image:width\" content=\"1475\" \/>\n\t<meta property=\"og:image:height\" content=\"560\" \/>\n<meta name=\"twitter:card\" content=\"summary_large_image\" \/>\n<meta name=\"twitter:label1\" content=\"Dur\u00e9e de lecture estim\u00e9e\" \/>\n\t<meta name=\"twitter:data1\" content=\"1 minute\" \/>\n<script type=\"application\/ld+json\" class=\"yoast-schema-graph\">{\"@context\":\"https:\/\/schema.org\",\"@graph\":[{\"@type\":\"WebSite\",\"@id\":\"https:\/\/www.memso.org\/net\/#website\",\"url\":\"https:\/\/www.memso.org\/net\/\",\"name\":\"La Compagnie Memso\",\"description\":\"\",\"potentialAction\":[{\"@type\":\"SearchAction\",\"target\":{\"@type\":\"EntryPoint\",\"urlTemplate\":\"https:\/\/www.memso.org\/net\/?s={search_term_string}\"},\"query-input\":\"required name=search_term_string\"}],\"inLanguage\":\"fr-FR\"},{\"@type\":\"ImageObject\",\"@id\":\"https:\/\/www.memso.org\/net\/index.php\/michael-assie\/#primaryimage\",\"inLanguage\":\"fr-FR\",\"url\":\"https:\/\/www.memso.org\/net\/wp-content\/uploads\/2019\/06\/MIKA-4.jpg\",\"contentUrl\":\"https:\/\/www.memso.org\/net\/wp-content\/uploads\/2019\/06\/MIKA-4.jpg\",\"width\":1475,\"height\":560},{\"@type\":\"WebPage\",\"@id\":\"https:\/\/www.memso.org\/net\/index.php\/michael-assie\/#webpage\",\"url\":\"https:\/\/www.memso.org\/net\/index.php\/michael-assie\/\",\"name\":\"Michael ASSIE - La Compagnie Memso\",\"isPartOf\":{\"@id\":\"https:\/\/www.memso.org\/net\/#website\"},\"primaryImageOfPage\":{\"@id\":\"https:\/\/www.memso.org\/net\/index.php\/michael-assie\/#primaryimage\"},\"datePublished\":\"2019-06-10T20:25:28+00:00\",\"dateModified\":\"2020-11-21T13:48:30+00:00\",\"breadcrumb\":{\"@id\":\"https:\/\/www.memso.org\/net\/index.php\/michael-assie\/#breadcrumb\"},\"inLanguage\":\"fr-FR\",\"potentialAction\":[{\"@type\":\"ReadAction\",\"target\":[\"https:\/\/www.memso.org\/net\/index.php\/michael-assie\/\"]}]},{\"@type\":\"BreadcrumbList\",\"@id\":\"https:\/\/www.memso.org\/net\/index.php\/michael-assie\/#breadcrumb\",\"itemListElement\":[{\"@type\":\"ListItem\",\"position\":1,\"name\":\"Accueil\",\"item\":\"https:\/\/www.memso.org\/net\/\"},{\"@type\":\"ListItem\",\"position\":2,\"name\":\"Michael ASSIE\"}]}]}<\/script>\n<!-- \/ Yoast SEO plugin. -->","yoast_head_json":{"title":"Michael ASSIE - La Compagnie Memso","robots":{"index":"index","follow":"follow","max-snippet":"max-snippet:-1","max-image-preview":"max-image-preview:large","max-video-preview":"max-video-preview:-1"},"canonical":"https:\/\/www.memso.org\/net\/index.php\/michael-assie\/","og_locale":"fr_FR","og_type":"article","og_title":"Michael ASSIE - La Compagnie Memso","og_description":"Com\u00e9dien A 19 ans, Michael Assi\u00e9 pousse les portes du Th\u00e9\u00e2tre en Miettes dirig\u00e9 par Jean-Claude Parent. C\u2019est alors que d\u00e9bute sa carri\u00e8re de com\u00e9dien. Du drame (Peine perdue de M. Gompel et A.Jarjanette \/ Closer de P. Marber) \u00e0 la com\u00e9die (Entre deux \u00e9tages&nbsp;d\u2019Ambre Kuropatwa \/ Un air de famille de Bacri\/Jaoui), en passant [&hellip;]","og_url":"https:\/\/www.memso.org\/net\/index.php\/michael-assie\/","og_site_name":"La Compagnie Memso","article_modified_time":"2020-11-21T13:48:30+00:00","og_image":[{"width":1475,"height":560,"url":"https:\/\/www.memso.org\/net\/wp-content\/uploads\/2019\/06\/MIKA-4.jpg","type":"image\/jpeg"}],"twitter_card":"summary_large_image","twitter_misc":{"Dur\u00e9e de lecture estim\u00e9e":"1 minute"},"schema":{"@context":"https:\/\/schema.org","@graph":[{"@type":"WebSite","@id":"https:\/\/www.memso.org\/net\/#website","url":"https:\/\/www.memso.org\/net\/","name":"La Compagnie Memso","description":"","potentialAction":[{"@type":"SearchAction","target":{"@type":"EntryPoint","urlTemplate":"https:\/\/www.memso.org\/net\/?s={search_term_string}"},"query-input":"required name=search_term_string"}],"inLanguage":"fr-FR"},{"@type":"ImageObject","@id":"https:\/\/www.memso.org\/net\/index.php\/michael-assie\/#primaryimage","inLanguage":"fr-FR","url":"https:\/\/www.memso.org\/net\/wp-content\/uploads\/2019\/06\/MIKA-4.jpg","contentUrl":"https:\/\/www.memso.org\/net\/wp-content\/uploads\/2019\/06\/MIKA-4.jpg","width":1475,"height":560},{"@type":"WebPage","@id":"https:\/\/www.memso.org\/net\/index.php\/michael-assie\/#webpage","url":"https:\/\/www.memso.org\/net\/index.php\/michael-assie\/","name":"Michael ASSIE - La Compagnie Memso","isPartOf":{"@id":"https:\/\/www.memso.org\/net\/#website"},"primaryImageOfPage":{"@id":"https:\/\/www.memso.org\/net\/index.php\/michael-assie\/#primaryimage"},"datePublished":"2019-06-10T20:25:28+00:00","dateModified":"2020-11-21T13:48:30+00:00","breadcrumb":{"@id":"https:\/\/www.memso.org\/net\/index.php\/michael-assie\/#breadcrumb"},"inLanguage":"fr-FR","potentialAction":[{"@type":"ReadAction","target":["https:\/\/www.memso.org\/net\/index.php\/michael-assie\/"]}]},{"@type":"BreadcrumbList","@id":"https:\/\/www.memso.org\/net\/index.php\/michael-assie\/#breadcrumb","itemListElement":[{"@type":"ListItem","position":1,"name":"Accueil","item":"https:\/\/www.memso.org\/net\/"},{"@type":"ListItem","position":2,"name":"Michael ASSIE"}]}]}},"coauthors":[],"author_meta":{"author_link":"https:\/\/www.memso.org\/net\/index.php\/author\/roger\/","display_name":"Roger Contebardo"},"relative_dates":{"created":"Publi\u00e9 7 ans il y a","modified":"Mis \u00e0 jour 5 ans il y a"},"absolute_dates":{"created":"Publi\u00e9 le 10 juin 2019","modified":"Mise \u00e0 jour le 21 novembre 2020"},"absolute_dates_time":{"created":"Publi\u00e9 le 10 juin 2019 22 h 25 min","modified":"Mise \u00e0 jour le 21 novembre 2020 14 h 48 min"},"featured_img_caption":"","featured_img":"https:\/\/www.memso.org\/net\/wp-content\/uploads\/2019\/06\/MIKA-4-640x560.jpg","series_order":"","_links":{"self":[{"href":"https:\/\/www.memso.org\/net\/index.php\/wp-json\/wp\/v2\/pages\/134","targetHints":{"allow":["GET"]}}],"collection":[{"href":"https:\/\/www.memso.org\/net\/index.php\/wp-json\/wp\/v2\/pages"}],"about":[{"href":"https:\/\/www.memso.org\/net\/index.php\/wp-json\/wp\/v2\/types\/page"}],"author":[{"embeddable":true,"href":"https:\/\/www.memso.org\/net\/index.php\/wp-json\/wp\/v2\/users\/2"}],"replies":[{"embeddable":true,"href":"https:\/\/www.memso.org\/net\/index.php\/wp-json\/wp\/v2\/comments?post=134"}],"version-history":[{"count":8,"href":"https:\/\/www.memso.org\/net\/index.php\/wp-json\/wp\/v2\/pages\/134\/revisions"}],"predecessor-version":[{"id":481,"href":"https:\/\/www.memso.org\/net\/index.php\/wp-json\/wp\/v2\/pages\/134\/revisions\/481"}],"wp:featuredmedia":[{"embeddable":true,"href":"https:\/\/www.memso.org\/net\/index.php\/wp-json\/wp\/v2\/media\/439"}],"wp:attachment":[{"href":"https:\/\/www.memso.org\/net\/index.php\/wp-json\/wp\/v2\/media?parent=134"}],"curies":[{"name":"wp","href":"https:\/\/api.w.org\/{rel}","templated":true}]}}