{"id":145,"date":"2019-06-10T22:31:35","date_gmt":"2019-06-10T20:31:35","guid":{"rendered":"http:\/\/www.memso.org\/net\/?page_id=145"},"modified":"2021-12-09T17:17:39","modified_gmt":"2021-12-09T16:17:39","slug":"roger-contebardo","status":"publish","type":"page","link":"https:\/\/www.memso.org\/net\/index.php\/roger-contebardo\/","title":{"rendered":"Roger CONTEBARDO"},"content":{"rendered":"<p><span style=\"color: #808080; font-family: verdana,geneva,sans-serif;\"><img loading=\"lazy\" decoding=\"async\" class=\"size-medium wp-image-120 alignleft\" src=\"http:\/\/www.memso.org\/net\/wp-content\/uploads\/2019\/06\/Roger-Contebardo-1-300x225.jpg\" alt=\"\" width=\"300\" height=\"225\" srcset=\"https:\/\/www.memso.org\/net\/wp-content\/uploads\/2019\/06\/Roger-Contebardo-1-300x225.jpg 300w, https:\/\/www.memso.org\/net\/wp-content\/uploads\/2019\/06\/Roger-Contebardo-1-768x576.jpg 768w, https:\/\/www.memso.org\/net\/wp-content\/uploads\/2019\/06\/Roger-Contebardo-1-1024x768.jpg 1024w, https:\/\/www.memso.org\/net\/wp-content\/uploads\/2019\/06\/Roger-Contebardo-1.jpg 1100w\" sizes=\"auto, (max-width: 300px) 100vw, 300px\" \/><\/span><\/p>\n<p><span style=\"color: #ffffff;\"><strong><span style=\"font-family: verdana, geneva, sans-serif; font-size: 12pt;\">Com\u00e9dien<\/span><\/strong><\/span><\/p>\n<p><span style=\"color: #ffffff; font-family: verdana, geneva, sans-serif; font-size: 12pt;\">Roger Contebardo commence sa carri\u00e8re d\u2019acteur sous la direction de Jean-Claude Pa\u00adrent au sein de la compagnie bordelaise <em><strong>Le Th\u00e9\u00e2tre en Miettes<\/strong><\/em>. Install\u00e9 \u00e0 Paris, son int\u00e9r\u00eat pour l\u2019\u00e9criture contemporaine l\u2019am\u00e8ne \u00e0 participer \u00e0 une dizaine de cr\u00e9ations sous la direction de Fr\u00e9d\u00e9ric El Ka\u00efm, Bruno Banon, Jean-Claude Caron ou encore Anou\u00adche Setbon. Il rencontre en 2010 les new-yorkais Robert Castle et Alejandra Orozco qui d\u00e9veloppent sa pratique en le formant \u00e0 la \u00ab m\u00e9thode \u00bb inspir\u00e9e de Lee Strasberg. Il est membre du groupe international <em><strong>Virtuosi<\/strong> <\/em>au sein duquel il continue d\u2019explorer cette approche avec des acteurs venant des Etats-Unis, du Portugal, de Pologne\u2026 Il met \u00e0 profit ce travail dans le th\u00e9\u00e2tre am\u00e9ricain et joue notamment <em><strong>Danny and the Deep Blue Sea<\/strong><\/em> de J-P Shanley mis en sc\u00e8ne par R. Castle et <em><strong>Luv<\/strong><\/em> de Murray Shisgal, sous la direction de Bruno Banon, en anglais, pour le 1er <em><strong>Fringe Festival<\/strong><\/em> de Paris. <\/span><\/p>\n<p><span style=\"color: #ffffff; font-family: verdana, geneva, sans-serif; font-size: 12pt;\">Loin de d\u00e9laisser les auteurs fran\u00e7ais, il a jou\u00e9 tout derni\u00e8rement <em><strong>Chinchilla<\/strong><\/em> d\u2019Emmanuel Robert Espalieu, <em><strong>Pour le meilleur et pour le dire<\/strong><\/em> de David Basant et M\u00e9lanie Reumaux. En 2019 il retrouve le th\u00e9\u00e2tre classique avec <em><strong>La Double Inconstance<\/strong><\/em> de Marivaux, sous la direction de Philippe Calvario.<\/span><\/p>\n<p><span style=\"margin: 0px; color: #ffffff; line-height: 107%; font-family: verdana, geneva, sans-serif; font-size: 12pt;\">\u00c0 l\u2019\u00e9cran, on a pu le voir dans de nombreux t\u00e9l\u00e9films ou s\u00e9ries (<em><strong>Clem<\/strong><\/em>, <em><strong>N\u00e9 sous Silence<\/strong><\/em>, L<em><strong>a maison des Rocheville<\/strong><\/em>\u2026), courts et long-m\u00e9trages (<em><strong>Nos 18 ans<\/strong><\/em>,<em><strong> Les Irr\u00e9ductibles<\/strong><\/em> &#8230;). <em><strong>Like Totally Hot Couple Seeking Same<\/strong><\/em> r\u00e9alis\u00e9 par Kirsten Russel \u00e0 New-York, dans lequel il tient un des r\u00f4les principaux, a notamment \u00e9t\u00e9 prim\u00e9 dans de nombreux festivals aux Etats-Unis.<\/span><\/p>\n<p><span style=\"margin: 0px; color: #ffffff; line-height: 107%; font-family: verdana, geneva, sans-serif; font-size: 12pt;\">Roger Contebardo est membre fondateur de la Compagnie MEMSO, cr\u00e9\u00e9e en 2015.<\/span><\/p>\n","protected":false},"excerpt":{"rendered":"<p>Com\u00e9dien Roger Contebardo commence sa carri\u00e8re d\u2019acteur sous la direction de Jean-Claude Pa\u00adrent au sein de la compagnie bordelaise Le Th\u00e9\u00e2tre en Miettes. Install\u00e9 \u00e0 Paris, son int\u00e9r\u00eat pour l\u2019\u00e9criture contemporaine l\u2019am\u00e8ne \u00e0 participer \u00e0 une dizaine de cr\u00e9ations sous la direction de Fr\u00e9d\u00e9ric El Ka\u00efm, Bruno Banon, Jean-Claude Caron ou encore Anou\u00adche Setbon. Il [&hellip;]<\/p>\n","protected":false},"author":2,"featured_media":440,"parent":0,"menu_order":0,"comment_status":"closed","ping_status":"closed","template":"","meta":{"advgb_blocks_editor_width":"","advgb_blocks_columns_visual_guide":"","ngg_post_thumbnail":0,"_themeisle_gutenberg_block_has_review":false,"footnotes":""},"class_list":["post-145","page","type-page","status-publish","has-post-thumbnail","hentry"],"yoast_head":"<!-- This site is optimized with the Yoast SEO plugin v17.3 - https:\/\/yoast.com\/wordpress\/plugins\/seo\/ -->\n<title>Roger CONTEBARDO - La Compagnie Memso<\/title>\n<meta name=\"robots\" content=\"index, follow, max-snippet:-1, max-image-preview:large, max-video-preview:-1\" \/>\n<link rel=\"canonical\" href=\"https:\/\/www.memso.org\/net\/index.php\/roger-contebardo\/\" \/>\n<meta property=\"og:locale\" content=\"fr_FR\" \/>\n<meta property=\"og:type\" content=\"article\" \/>\n<meta property=\"og:title\" content=\"Roger CONTEBARDO - La Compagnie Memso\" \/>\n<meta property=\"og:description\" content=\"Com\u00e9dien Roger Contebardo commence sa carri\u00e8re d\u2019acteur sous la direction de Jean-Claude Pa\u00adrent au sein de la compagnie bordelaise Le Th\u00e9\u00e2tre en Miettes. Install\u00e9 \u00e0 Paris, son int\u00e9r\u00eat pour l\u2019\u00e9criture contemporaine l\u2019am\u00e8ne \u00e0 participer \u00e0 une dizaine de cr\u00e9ations sous la direction de Fr\u00e9d\u00e9ric El Ka\u00efm, Bruno Banon, Jean-Claude Caron ou encore Anou\u00adche Setbon. Il [&hellip;]\" \/>\n<meta property=\"og:url\" content=\"https:\/\/www.memso.org\/net\/index.php\/roger-contebardo\/\" \/>\n<meta property=\"og:site_name\" content=\"La Compagnie Memso\" \/>\n<meta property=\"article:modified_time\" content=\"2021-12-09T16:17:39+00:00\" \/>\n<meta property=\"og:image\" content=\"https:\/\/www.memso.org\/net\/wp-content\/uploads\/2019\/06\/Roger-3.jpg\" \/>\n\t<meta property=\"og:image:width\" content=\"1123\" \/>\n\t<meta property=\"og:image:height\" content=\"408\" \/>\n<meta name=\"twitter:card\" content=\"summary_large_image\" \/>\n<meta name=\"twitter:label1\" content=\"Dur\u00e9e de lecture estim\u00e9e\" \/>\n\t<meta name=\"twitter:data1\" content=\"2 minutes\" \/>\n<script type=\"application\/ld+json\" class=\"yoast-schema-graph\">{\"@context\":\"https:\/\/schema.org\",\"@graph\":[{\"@type\":\"WebSite\",\"@id\":\"https:\/\/www.memso.org\/net\/#website\",\"url\":\"https:\/\/www.memso.org\/net\/\",\"name\":\"La Compagnie Memso\",\"description\":\"\",\"potentialAction\":[{\"@type\":\"SearchAction\",\"target\":{\"@type\":\"EntryPoint\",\"urlTemplate\":\"https:\/\/www.memso.org\/net\/?s={search_term_string}\"},\"query-input\":\"required name=search_term_string\"}],\"inLanguage\":\"fr-FR\"},{\"@type\":\"ImageObject\",\"@id\":\"https:\/\/www.memso.org\/net\/index.php\/roger-contebardo\/#primaryimage\",\"inLanguage\":\"fr-FR\",\"url\":\"https:\/\/www.memso.org\/net\/wp-content\/uploads\/2019\/06\/Roger-3.jpg\",\"contentUrl\":\"https:\/\/www.memso.org\/net\/wp-content\/uploads\/2019\/06\/Roger-3.jpg\",\"width\":1123,\"height\":408},{\"@type\":\"WebPage\",\"@id\":\"https:\/\/www.memso.org\/net\/index.php\/roger-contebardo\/#webpage\",\"url\":\"https:\/\/www.memso.org\/net\/index.php\/roger-contebardo\/\",\"name\":\"Roger CONTEBARDO - La Compagnie Memso\",\"isPartOf\":{\"@id\":\"https:\/\/www.memso.org\/net\/#website\"},\"primaryImageOfPage\":{\"@id\":\"https:\/\/www.memso.org\/net\/index.php\/roger-contebardo\/#primaryimage\"},\"datePublished\":\"2019-06-10T20:31:35+00:00\",\"dateModified\":\"2021-12-09T16:17:39+00:00\",\"breadcrumb\":{\"@id\":\"https:\/\/www.memso.org\/net\/index.php\/roger-contebardo\/#breadcrumb\"},\"inLanguage\":\"fr-FR\",\"potentialAction\":[{\"@type\":\"ReadAction\",\"target\":[\"https:\/\/www.memso.org\/net\/index.php\/roger-contebardo\/\"]}]},{\"@type\":\"BreadcrumbList\",\"@id\":\"https:\/\/www.memso.org\/net\/index.php\/roger-contebardo\/#breadcrumb\",\"itemListElement\":[{\"@type\":\"ListItem\",\"position\":1,\"name\":\"Accueil\",\"item\":\"https:\/\/www.memso.org\/net\/\"},{\"@type\":\"ListItem\",\"position\":2,\"name\":\"Roger CONTEBARDO\"}]}]}<\/script>\n<!-- \/ Yoast SEO plugin. -->","yoast_head_json":{"title":"Roger CONTEBARDO - La Compagnie Memso","robots":{"index":"index","follow":"follow","max-snippet":"max-snippet:-1","max-image-preview":"max-image-preview:large","max-video-preview":"max-video-preview:-1"},"canonical":"https:\/\/www.memso.org\/net\/index.php\/roger-contebardo\/","og_locale":"fr_FR","og_type":"article","og_title":"Roger CONTEBARDO - La Compagnie Memso","og_description":"Com\u00e9dien Roger Contebardo commence sa carri\u00e8re d\u2019acteur sous la direction de Jean-Claude Pa\u00adrent au sein de la compagnie bordelaise Le Th\u00e9\u00e2tre en Miettes. Install\u00e9 \u00e0 Paris, son int\u00e9r\u00eat pour l\u2019\u00e9criture contemporaine l\u2019am\u00e8ne \u00e0 participer \u00e0 une dizaine de cr\u00e9ations sous la direction de Fr\u00e9d\u00e9ric El Ka\u00efm, Bruno Banon, Jean-Claude Caron ou encore Anou\u00adche Setbon. Il [&hellip;]","og_url":"https:\/\/www.memso.org\/net\/index.php\/roger-contebardo\/","og_site_name":"La Compagnie Memso","article_modified_time":"2021-12-09T16:17:39+00:00","og_image":[{"width":1123,"height":408,"url":"https:\/\/www.memso.org\/net\/wp-content\/uploads\/2019\/06\/Roger-3.jpg","type":"image\/jpeg"}],"twitter_card":"summary_large_image","twitter_misc":{"Dur\u00e9e de lecture estim\u00e9e":"2 minutes"},"schema":{"@context":"https:\/\/schema.org","@graph":[{"@type":"WebSite","@id":"https:\/\/www.memso.org\/net\/#website","url":"https:\/\/www.memso.org\/net\/","name":"La Compagnie Memso","description":"","potentialAction":[{"@type":"SearchAction","target":{"@type":"EntryPoint","urlTemplate":"https:\/\/www.memso.org\/net\/?s={search_term_string}"},"query-input":"required name=search_term_string"}],"inLanguage":"fr-FR"},{"@type":"ImageObject","@id":"https:\/\/www.memso.org\/net\/index.php\/roger-contebardo\/#primaryimage","inLanguage":"fr-FR","url":"https:\/\/www.memso.org\/net\/wp-content\/uploads\/2019\/06\/Roger-3.jpg","contentUrl":"https:\/\/www.memso.org\/net\/wp-content\/uploads\/2019\/06\/Roger-3.jpg","width":1123,"height":408},{"@type":"WebPage","@id":"https:\/\/www.memso.org\/net\/index.php\/roger-contebardo\/#webpage","url":"https:\/\/www.memso.org\/net\/index.php\/roger-contebardo\/","name":"Roger CONTEBARDO - La Compagnie Memso","isPartOf":{"@id":"https:\/\/www.memso.org\/net\/#website"},"primaryImageOfPage":{"@id":"https:\/\/www.memso.org\/net\/index.php\/roger-contebardo\/#primaryimage"},"datePublished":"2019-06-10T20:31:35+00:00","dateModified":"2021-12-09T16:17:39+00:00","breadcrumb":{"@id":"https:\/\/www.memso.org\/net\/index.php\/roger-contebardo\/#breadcrumb"},"inLanguage":"fr-FR","potentialAction":[{"@type":"ReadAction","target":["https:\/\/www.memso.org\/net\/index.php\/roger-contebardo\/"]}]},{"@type":"BreadcrumbList","@id":"https:\/\/www.memso.org\/net\/index.php\/roger-contebardo\/#breadcrumb","itemListElement":[{"@type":"ListItem","position":1,"name":"Accueil","item":"https:\/\/www.memso.org\/net\/"},{"@type":"ListItem","position":2,"name":"Roger CONTEBARDO"}]}]}},"coauthors":[],"author_meta":{"author_link":"https:\/\/www.memso.org\/net\/index.php\/author\/roger\/","display_name":"Roger Contebardo"},"relative_dates":{"created":"Publi\u00e9 7 ans il y a","modified":"Mis \u00e0 jour 4 ans il y a"},"absolute_dates":{"created":"Publi\u00e9 le 10 juin 2019","modified":"Mise \u00e0 jour le 9 d\u00e9cembre 2021"},"absolute_dates_time":{"created":"Publi\u00e9 le 10 juin 2019 22 h 31 min","modified":"Mise \u00e0 jour le 9 d\u00e9cembre 2021 17 h 17 min"},"featured_img_caption":"","featured_img":"https:\/\/www.memso.org\/net\/wp-content\/uploads\/2019\/06\/Roger-3-640x408.jpg","series_order":"","_links":{"self":[{"href":"https:\/\/www.memso.org\/net\/index.php\/wp-json\/wp\/v2\/pages\/145","targetHints":{"allow":["GET"]}}],"collection":[{"href":"https:\/\/www.memso.org\/net\/index.php\/wp-json\/wp\/v2\/pages"}],"about":[{"href":"https:\/\/www.memso.org\/net\/index.php\/wp-json\/wp\/v2\/types\/page"}],"author":[{"embeddable":true,"href":"https:\/\/www.memso.org\/net\/index.php\/wp-json\/wp\/v2\/users\/2"}],"replies":[{"embeddable":true,"href":"https:\/\/www.memso.org\/net\/index.php\/wp-json\/wp\/v2\/comments?post=145"}],"version-history":[{"count":8,"href":"https:\/\/www.memso.org\/net\/index.php\/wp-json\/wp\/v2\/pages\/145\/revisions"}],"predecessor-version":[{"id":872,"href":"https:\/\/www.memso.org\/net\/index.php\/wp-json\/wp\/v2\/pages\/145\/revisions\/872"}],"wp:featuredmedia":[{"embeddable":true,"href":"https:\/\/www.memso.org\/net\/index.php\/wp-json\/wp\/v2\/media\/440"}],"wp:attachment":[{"href":"https:\/\/www.memso.org\/net\/index.php\/wp-json\/wp\/v2\/media?parent=145"}],"curies":[{"name":"wp","href":"https:\/\/api.w.org\/{rel}","templated":true}]}}