{"id":254,"date":"2019-06-11T13:30:28","date_gmt":"2019-06-11T11:30:28","guid":{"rendered":"http:\/\/www.memso.org\/net\/?page_id=254"},"modified":"2019-09-24T17:48:56","modified_gmt":"2019-09-24T15:48:56","slug":"danny-and-the-deep-blue-sea","status":"publish","type":"page","link":"https:\/\/www.memso.org\/net\/index.php\/danny-and-the-deep-blue-sea\/","title":{"rendered":"DANNY AND THE DEEP BLUE SEA"},"content":{"rendered":"<p><img loading=\"lazy\" decoding=\"async\" class=\"size-medium wp-image-231 alignleft\" src=\"http:\/\/www.memso.org\/net\/wp-content\/uploads\/2019\/06\/dannyandthedeepbluesea_poster-Copier-212x300.jpg\" alt=\"\" width=\"212\" height=\"300\" srcset=\"https:\/\/www.memso.org\/net\/wp-content\/uploads\/2019\/06\/dannyandthedeepbluesea_poster-Copier-212x300.jpg 212w, https:\/\/www.memso.org\/net\/wp-content\/uploads\/2019\/06\/dannyandthedeepbluesea_poster-Copier-724x1024.jpg 724w, https:\/\/www.memso.org\/net\/wp-content\/uploads\/2019\/06\/dannyandthedeepbluesea_poster-Copier-370x523.jpg 370w, https:\/\/www.memso.org\/net\/wp-content\/uploads\/2019\/06\/dannyandthedeepbluesea_poster-Copier.jpg 764w\" sizes=\"auto, (max-width: 212px) 100vw, 212px\" \/>Mis en sc\u00e8ne par Robert Castle, \u201cDanny and the Deep Blue Sea\u201dde John-Patrick Shanley est un classique \u00ab&nbsp;moderne&nbsp;\u00bb aux Etats-Unis. C\u2019est le premier projet port\u00e9 par la compagnie, en coproduction avec IT-New-York. Le spectacle a \u00e9t\u00e9 cr\u00e9\u00e9 au Petit Th\u00e9\u00e2tre Odyss\u00e9e \u00e0 Levallois Perret et a remport\u00e9 le prix \u00ab&nbsp;Coup de C\u0153ur&nbsp;\u00bb. Il a ensuite \u00e9t\u00e9 jou\u00e9 \u00e0 Munich au \u00ab&nbsp;Tankstelle Theater&nbsp;\u00bb et \u00e0 Bordeaux.<\/p>\n<p>T\u00e9l\u00e9chargez le dossier du spectacle : <a href=\"http:\/\/www.memso.org\/net\/wp-content\/uploads\/2019\/06\/Dossier-de-Pr\u00e9sentation-Danny-new.pdf\">Dossier de Pr\u00e9sentation Danny new<\/a><\/p>\n<p><strong>LA CAPTATION DU SPECTACLE : (Celle-ci est prot\u00e9g\u00e9e par Mot de Passe, il vous suffit de nous le demander \u00e0 compagniememso@gmail.com)<\/strong><\/p>\n<p><iframe loading=\"lazy\" src=\"\/\/player.vimeo.com\/video\/225525242?title=0&byline=0&portrait=0&color=8dc7dc\" width=\"425\" height=\"350\" allowfullscreen=\"allowfullscreen\"><\/iframe><\/p>\n","protected":false},"excerpt":{"rendered":"<p>Mis en sc\u00e8ne par Robert Castle, \u201cDanny and the Deep Blue Sea\u201dde John-Patrick Shanley est un classique \u00ab&nbsp;moderne&nbsp;\u00bb aux Etats-Unis. C\u2019est le premier projet port\u00e9 par la compagnie, en coproduction avec IT-New-York. Le spectacle a \u00e9t\u00e9 cr\u00e9\u00e9 au Petit Th\u00e9\u00e2tre Odyss\u00e9e \u00e0 Levallois Perret et a remport\u00e9 le prix \u00ab&nbsp;Coup de C\u0153ur&nbsp;\u00bb. Il a ensuite [&hellip;]<\/p>\n","protected":false},"author":2,"featured_media":0,"parent":0,"menu_order":0,"comment_status":"closed","ping_status":"closed","template":"","meta":{"advgb_blocks_editor_width":"","advgb_blocks_columns_visual_guide":"","ngg_post_thumbnail":0,"_themeisle_gutenberg_block_has_review":false,"footnotes":""},"class_list":["post-254","page","type-page","status-publish","hentry"],"yoast_head":"<!-- This site is optimized with the Yoast SEO plugin v17.3 - https:\/\/yoast.com\/wordpress\/plugins\/seo\/ -->\n<title>DANNY AND THE DEEP BLUE SEA - La Compagnie Memso<\/title>\n<meta name=\"robots\" content=\"index, follow, max-snippet:-1, max-image-preview:large, max-video-preview:-1\" \/>\n<link rel=\"canonical\" href=\"https:\/\/www.memso.org\/net\/index.php\/danny-and-the-deep-blue-sea\/\" \/>\n<meta property=\"og:locale\" content=\"fr_FR\" \/>\n<meta property=\"og:type\" content=\"article\" \/>\n<meta property=\"og:title\" content=\"DANNY AND THE DEEP BLUE SEA - La Compagnie Memso\" \/>\n<meta property=\"og:description\" content=\"Mis en sc\u00e8ne par Robert Castle, \u201cDanny and the Deep Blue Sea\u201dde John-Patrick Shanley est un classique \u00ab&nbsp;moderne&nbsp;\u00bb aux Etats-Unis. C\u2019est le premier projet port\u00e9 par la compagnie, en coproduction avec IT-New-York. Le spectacle a \u00e9t\u00e9 cr\u00e9\u00e9 au Petit Th\u00e9\u00e2tre Odyss\u00e9e \u00e0 Levallois Perret et a remport\u00e9 le prix \u00ab&nbsp;Coup de C\u0153ur&nbsp;\u00bb. Il a ensuite [&hellip;]\" \/>\n<meta property=\"og:url\" content=\"https:\/\/www.memso.org\/net\/index.php\/danny-and-the-deep-blue-sea\/\" \/>\n<meta property=\"og:site_name\" content=\"La Compagnie Memso\" \/>\n<meta property=\"article:modified_time\" content=\"2019-09-24T15:48:56+00:00\" \/>\n<meta property=\"og:image\" content=\"http:\/\/www.memso.org\/net\/wp-content\/uploads\/2019\/06\/dannyandthedeepbluesea_poster-Copier-212x300.jpg\" \/>\n<meta name=\"twitter:card\" content=\"summary_large_image\" \/>\n<meta name=\"twitter:label1\" content=\"Dur\u00e9e de lecture estim\u00e9e\" \/>\n\t<meta name=\"twitter:data1\" content=\"1 minute\" \/>\n<script type=\"application\/ld+json\" class=\"yoast-schema-graph\">{\"@context\":\"https:\/\/schema.org\",\"@graph\":[{\"@type\":\"WebSite\",\"@id\":\"https:\/\/www.memso.org\/net\/#website\",\"url\":\"https:\/\/www.memso.org\/net\/\",\"name\":\"La Compagnie Memso\",\"description\":\"\",\"potentialAction\":[{\"@type\":\"SearchAction\",\"target\":{\"@type\":\"EntryPoint\",\"urlTemplate\":\"https:\/\/www.memso.org\/net\/?s={search_term_string}\"},\"query-input\":\"required name=search_term_string\"}],\"inLanguage\":\"fr-FR\"},{\"@type\":\"ImageObject\",\"@id\":\"https:\/\/www.memso.org\/net\/index.php\/danny-and-the-deep-blue-sea\/#primaryimage\",\"inLanguage\":\"fr-FR\",\"url\":\"http:\/\/www.memso.org\/net\/wp-content\/uploads\/2019\/06\/dannyandthedeepbluesea_poster-Copier-212x300.jpg\",\"contentUrl\":\"http:\/\/www.memso.org\/net\/wp-content\/uploads\/2019\/06\/dannyandthedeepbluesea_poster-Copier-212x300.jpg\"},{\"@type\":\"WebPage\",\"@id\":\"https:\/\/www.memso.org\/net\/index.php\/danny-and-the-deep-blue-sea\/#webpage\",\"url\":\"https:\/\/www.memso.org\/net\/index.php\/danny-and-the-deep-blue-sea\/\",\"name\":\"DANNY AND THE DEEP BLUE SEA - La Compagnie Memso\",\"isPartOf\":{\"@id\":\"https:\/\/www.memso.org\/net\/#website\"},\"primaryImageOfPage\":{\"@id\":\"https:\/\/www.memso.org\/net\/index.php\/danny-and-the-deep-blue-sea\/#primaryimage\"},\"datePublished\":\"2019-06-11T11:30:28+00:00\",\"dateModified\":\"2019-09-24T15:48:56+00:00\",\"breadcrumb\":{\"@id\":\"https:\/\/www.memso.org\/net\/index.php\/danny-and-the-deep-blue-sea\/#breadcrumb\"},\"inLanguage\":\"fr-FR\",\"potentialAction\":[{\"@type\":\"ReadAction\",\"target\":[\"https:\/\/www.memso.org\/net\/index.php\/danny-and-the-deep-blue-sea\/\"]}]},{\"@type\":\"BreadcrumbList\",\"@id\":\"https:\/\/www.memso.org\/net\/index.php\/danny-and-the-deep-blue-sea\/#breadcrumb\",\"itemListElement\":[{\"@type\":\"ListItem\",\"position\":1,\"name\":\"Accueil\",\"item\":\"https:\/\/www.memso.org\/net\/\"},{\"@type\":\"ListItem\",\"position\":2,\"name\":\"DANNY AND THE DEEP BLUE SEA\"}]}]}<\/script>\n<!-- \/ Yoast SEO plugin. -->","yoast_head_json":{"title":"DANNY AND THE DEEP BLUE SEA - La Compagnie Memso","robots":{"index":"index","follow":"follow","max-snippet":"max-snippet:-1","max-image-preview":"max-image-preview:large","max-video-preview":"max-video-preview:-1"},"canonical":"https:\/\/www.memso.org\/net\/index.php\/danny-and-the-deep-blue-sea\/","og_locale":"fr_FR","og_type":"article","og_title":"DANNY AND THE DEEP BLUE SEA - La Compagnie Memso","og_description":"Mis en sc\u00e8ne par Robert Castle, \u201cDanny and the Deep Blue Sea\u201dde John-Patrick Shanley est un classique \u00ab&nbsp;moderne&nbsp;\u00bb aux Etats-Unis. C\u2019est le premier projet port\u00e9 par la compagnie, en coproduction avec IT-New-York. Le spectacle a \u00e9t\u00e9 cr\u00e9\u00e9 au Petit Th\u00e9\u00e2tre Odyss\u00e9e \u00e0 Levallois Perret et a remport\u00e9 le prix \u00ab&nbsp;Coup de C\u0153ur&nbsp;\u00bb. Il a ensuite [&hellip;]","og_url":"https:\/\/www.memso.org\/net\/index.php\/danny-and-the-deep-blue-sea\/","og_site_name":"La Compagnie Memso","article_modified_time":"2019-09-24T15:48:56+00:00","og_image":[{"url":"http:\/\/www.memso.org\/net\/wp-content\/uploads\/2019\/06\/dannyandthedeepbluesea_poster-Copier-212x300.jpg"}],"twitter_card":"summary_large_image","twitter_misc":{"Dur\u00e9e de lecture estim\u00e9e":"1 minute"},"schema":{"@context":"https:\/\/schema.org","@graph":[{"@type":"WebSite","@id":"https:\/\/www.memso.org\/net\/#website","url":"https:\/\/www.memso.org\/net\/","name":"La Compagnie Memso","description":"","potentialAction":[{"@type":"SearchAction","target":{"@type":"EntryPoint","urlTemplate":"https:\/\/www.memso.org\/net\/?s={search_term_string}"},"query-input":"required name=search_term_string"}],"inLanguage":"fr-FR"},{"@type":"ImageObject","@id":"https:\/\/www.memso.org\/net\/index.php\/danny-and-the-deep-blue-sea\/#primaryimage","inLanguage":"fr-FR","url":"http:\/\/www.memso.org\/net\/wp-content\/uploads\/2019\/06\/dannyandthedeepbluesea_poster-Copier-212x300.jpg","contentUrl":"http:\/\/www.memso.org\/net\/wp-content\/uploads\/2019\/06\/dannyandthedeepbluesea_poster-Copier-212x300.jpg"},{"@type":"WebPage","@id":"https:\/\/www.memso.org\/net\/index.php\/danny-and-the-deep-blue-sea\/#webpage","url":"https:\/\/www.memso.org\/net\/index.php\/danny-and-the-deep-blue-sea\/","name":"DANNY AND THE DEEP BLUE SEA - La Compagnie Memso","isPartOf":{"@id":"https:\/\/www.memso.org\/net\/#website"},"primaryImageOfPage":{"@id":"https:\/\/www.memso.org\/net\/index.php\/danny-and-the-deep-blue-sea\/#primaryimage"},"datePublished":"2019-06-11T11:30:28+00:00","dateModified":"2019-09-24T15:48:56+00:00","breadcrumb":{"@id":"https:\/\/www.memso.org\/net\/index.php\/danny-and-the-deep-blue-sea\/#breadcrumb"},"inLanguage":"fr-FR","potentialAction":[{"@type":"ReadAction","target":["https:\/\/www.memso.org\/net\/index.php\/danny-and-the-deep-blue-sea\/"]}]},{"@type":"BreadcrumbList","@id":"https:\/\/www.memso.org\/net\/index.php\/danny-and-the-deep-blue-sea\/#breadcrumb","itemListElement":[{"@type":"ListItem","position":1,"name":"Accueil","item":"https:\/\/www.memso.org\/net\/"},{"@type":"ListItem","position":2,"name":"DANNY AND THE DEEP BLUE SEA"}]}]}},"coauthors":[],"author_meta":{"author_link":"https:\/\/www.memso.org\/net\/index.php\/author\/roger\/","display_name":"Roger Contebardo"},"relative_dates":{"created":"Publi\u00e9 7 ans il y a","modified":"Mis \u00e0 jour 7 ans il y a"},"absolute_dates":{"created":"Publi\u00e9 le 11 juin 2019","modified":"Mise \u00e0 jour le 24 septembre 2019"},"absolute_dates_time":{"created":"Publi\u00e9 le 11 juin 2019 13 h 30 min","modified":"Mise \u00e0 jour le 24 septembre 2019 17 h 48 min"},"featured_img_caption":"","featured_img":false,"series_order":"","_links":{"self":[{"href":"https:\/\/www.memso.org\/net\/index.php\/wp-json\/wp\/v2\/pages\/254","targetHints":{"allow":["GET"]}}],"collection":[{"href":"https:\/\/www.memso.org\/net\/index.php\/wp-json\/wp\/v2\/pages"}],"about":[{"href":"https:\/\/www.memso.org\/net\/index.php\/wp-json\/wp\/v2\/types\/page"}],"author":[{"embeddable":true,"href":"https:\/\/www.memso.org\/net\/index.php\/wp-json\/wp\/v2\/users\/2"}],"replies":[{"embeddable":true,"href":"https:\/\/www.memso.org\/net\/index.php\/wp-json\/wp\/v2\/comments?post=254"}],"version-history":[{"count":5,"href":"https:\/\/www.memso.org\/net\/index.php\/wp-json\/wp\/v2\/pages\/254\/revisions"}],"predecessor-version":[{"id":474,"href":"https:\/\/www.memso.org\/net\/index.php\/wp-json\/wp\/v2\/pages\/254\/revisions\/474"}],"wp:attachment":[{"href":"https:\/\/www.memso.org\/net\/index.php\/wp-json\/wp\/v2\/media?parent=254"}],"curies":[{"name":"wp","href":"https:\/\/api.w.org\/{rel}","templated":true}]}}