{"id":299,"date":"2019-06-12T09:16:37","date_gmt":"2019-06-12T07:16:37","guid":{"rendered":"http:\/\/www.memso.org\/net\/?page_id=299"},"modified":"2019-06-16T19:40:14","modified_gmt":"2019-06-16T17:40:14","slug":"apolline-denis","status":"publish","type":"page","link":"https:\/\/www.memso.org\/net\/index.php\/apolline-denis\/","title":{"rendered":"Apolline DENIS"},"content":{"rendered":"<p><span style=\"margin: 0px; color: #808080; font-family: verdana,geneva,sans-serif; font-size: 12pt;\"><img loading=\"lazy\" decoding=\"async\" width=\"200\" height=\"300\" class=\"size-medium wp-image-296 alignleft\" alt=\"\" src=\"http:\/\/www.memso.org\/net\/wp-content\/uploads\/2019\/06\/APO-200x300.jpg\" srcset=\"https:\/\/www.memso.org\/net\/wp-content\/uploads\/2019\/06\/APO-200x300.jpg 200w, https:\/\/www.memso.org\/net\/wp-content\/uploads\/2019\/06\/APO.jpg 427w\" sizes=\"auto, (max-width: 200px) 100vw, 200px\" \/><strong>Com\u00e9dienne<\/strong> <strong>et auteure<\/strong><\/span><\/p>\n<p><span style=\"margin: 0px; color: #808080; font-family: verdana,geneva,sans-serif; font-size: 12pt;\">Form\u00e9e au Conservatoire de Bordeaux puis au Cours Florent \u00e0 Paris,<\/span><\/p>\n<p><span style=\"margin: 0px; color: #808080; font-family: verdana,geneva,sans-serif; font-size: 12pt;\">Apolline s\u2019envole pour Singapour et Pittsburgh o\u00f9 elle exerce son m\u00e9tier de com\u00e9dienne (en anglais) mais aussi de metteur en sc\u00e8ne et de formatrice. De retour \u00e0 Bordeaux sa ville natale, elle continue sa formation professionnelle \u00e0 la <em>Th\u00e9\u00e2trerie<\/em>. Des amiti\u00e9s fortes se cr\u00e9ent et l\u2019envie de fonder une compagnie \u00e9galement&nbsp;!<\/span><\/p>\n<p><span style=\"margin: 0px; color: #808080; font-family: verdana,geneva,sans-serif; font-size: 12pt;\">C\u2019est \u00e0 Paris que l\u2019envie se concr\u00e9tise en suivant les stages de Robert Castle, bas\u00e9s sur les m\u00e9thodes de l\u2019Actors Studio. (itnewyork.org)<\/span><\/p>\n<p><span style=\"margin: 0px; color: #808080; font-family: verdana,geneva,sans-serif; font-size: 12pt;\">De cette exp\u00e9rience&nbsp; na\u00eetra le spectacle <em><strong>Oc\u00e9an-Liberty<\/strong><\/em>, cr\u00e9ation inspir\u00e9e d\u2019une histoire vraie, dont C\u00e9line Perra fait la mise en sc\u00e8ne. Ce spectacle sera tourn\u00e9 en France et en Belgique. Une aventure extraordinaire o\u00f9, seule en sc\u00e8ne, elle incarne une douzaine de personnages pour redonner vie \u00e0 cette histoire.<\/span><\/p>\n<p><span style=\"margin: 0px; color: #808080; font-family: verdana,geneva,sans-serif; font-size: 12pt;\">Puis viendront d\u2019autres cr\u00e9ations comme <em><strong>La Petite Esp\u00e9rance<\/strong><\/em> adapt\u00e9 du <em><strong>Porche du Myst\u00e8re de la Deuxi\u00e8me Vertu<\/strong><\/em> de Charles P\u00e9guy, et plus r\u00e9cemment <em><strong>Le Jardin des Fables<\/strong><\/em>, spectacle sur les Fables de la Fontaine.<\/span><\/p>\n<p><span style=\"margin: 0px; font-family: 'Arial',sans-serif; font-size: 14pt;\"><span style=\"color: #000000;\">&nbsp;<\/span><\/span><\/p>\n","protected":false},"excerpt":{"rendered":"<p>Com\u00e9dienne et auteure Form\u00e9e au Conservatoire de Bordeaux puis au Cours Florent \u00e0 Paris, Apolline s\u2019envole pour Singapour et Pittsburgh o\u00f9 elle exerce son m\u00e9tier de com\u00e9dienne (en anglais) mais aussi de metteur en sc\u00e8ne et de formatrice. De retour \u00e0 Bordeaux sa ville natale, elle continue sa formation professionnelle \u00e0 la Th\u00e9\u00e2trerie. Des amiti\u00e9s [&hellip;]<\/p>\n","protected":false},"author":2,"featured_media":18,"parent":0,"menu_order":0,"comment_status":"closed","ping_status":"closed","template":"","meta":{"advgb_blocks_editor_width":"","advgb_blocks_columns_visual_guide":"","ngg_post_thumbnail":0,"_themeisle_gutenberg_block_has_review":false,"footnotes":""},"class_list":["post-299","page","type-page","status-publish","has-post-thumbnail","hentry"],"yoast_head":"<!-- This site is optimized with the Yoast SEO plugin v17.3 - https:\/\/yoast.com\/wordpress\/plugins\/seo\/ -->\n<title>Apolline DENIS - La Compagnie Memso<\/title>\n<meta name=\"robots\" content=\"index, follow, max-snippet:-1, max-image-preview:large, max-video-preview:-1\" \/>\n<link rel=\"canonical\" href=\"https:\/\/www.memso.org\/net\/index.php\/apolline-denis\/\" \/>\n<meta property=\"og:locale\" content=\"fr_FR\" \/>\n<meta property=\"og:type\" content=\"article\" \/>\n<meta property=\"og:title\" content=\"Apolline DENIS - La Compagnie Memso\" \/>\n<meta property=\"og:description\" content=\"Com\u00e9dienne et auteure Form\u00e9e au Conservatoire de Bordeaux puis au Cours Florent \u00e0 Paris, Apolline s\u2019envole pour Singapour et Pittsburgh o\u00f9 elle exerce son m\u00e9tier de com\u00e9dienne (en anglais) mais aussi de metteur en sc\u00e8ne et de formatrice. De retour \u00e0 Bordeaux sa ville natale, elle continue sa formation professionnelle \u00e0 la Th\u00e9\u00e2trerie. Des amiti\u00e9s [&hellip;]\" \/>\n<meta property=\"og:url\" content=\"https:\/\/www.memso.org\/net\/index.php\/apolline-denis\/\" \/>\n<meta property=\"og:site_name\" content=\"La Compagnie Memso\" \/>\n<meta property=\"article:modified_time\" content=\"2019-06-16T17:40:14+00:00\" \/>\n<meta property=\"og:image\" content=\"https:\/\/www.memso.org\/net\/wp-content\/uploads\/2019\/05\/2W6A7086-e1561639529770.jpg\" \/>\n\t<meta property=\"og:image:width\" content=\"778\" \/>\n\t<meta property=\"og:image:height\" content=\"276\" \/>\n<meta name=\"twitter:card\" content=\"summary_large_image\" \/>\n<meta name=\"twitter:label1\" content=\"Dur\u00e9e de lecture estim\u00e9e\" \/>\n\t<meta name=\"twitter:data1\" content=\"1 minute\" \/>\n<script type=\"application\/ld+json\" class=\"yoast-schema-graph\">{\"@context\":\"https:\/\/schema.org\",\"@graph\":[{\"@type\":\"WebSite\",\"@id\":\"https:\/\/www.memso.org\/net\/#website\",\"url\":\"https:\/\/www.memso.org\/net\/\",\"name\":\"La Compagnie Memso\",\"description\":\"\",\"potentialAction\":[{\"@type\":\"SearchAction\",\"target\":{\"@type\":\"EntryPoint\",\"urlTemplate\":\"https:\/\/www.memso.org\/net\/?s={search_term_string}\"},\"query-input\":\"required name=search_term_string\"}],\"inLanguage\":\"fr-FR\"},{\"@type\":\"ImageObject\",\"@id\":\"https:\/\/www.memso.org\/net\/index.php\/apolline-denis\/#primaryimage\",\"inLanguage\":\"fr-FR\",\"url\":\"https:\/\/www.memso.org\/net\/wp-content\/uploads\/2019\/05\/2W6A7086-e1561639529770.jpg\",\"contentUrl\":\"https:\/\/www.memso.org\/net\/wp-content\/uploads\/2019\/05\/2W6A7086-e1561639529770.jpg\",\"width\":778,\"height\":276},{\"@type\":\"WebPage\",\"@id\":\"https:\/\/www.memso.org\/net\/index.php\/apolline-denis\/#webpage\",\"url\":\"https:\/\/www.memso.org\/net\/index.php\/apolline-denis\/\",\"name\":\"Apolline DENIS - La Compagnie Memso\",\"isPartOf\":{\"@id\":\"https:\/\/www.memso.org\/net\/#website\"},\"primaryImageOfPage\":{\"@id\":\"https:\/\/www.memso.org\/net\/index.php\/apolline-denis\/#primaryimage\"},\"datePublished\":\"2019-06-12T07:16:37+00:00\",\"dateModified\":\"2019-06-16T17:40:14+00:00\",\"breadcrumb\":{\"@id\":\"https:\/\/www.memso.org\/net\/index.php\/apolline-denis\/#breadcrumb\"},\"inLanguage\":\"fr-FR\",\"potentialAction\":[{\"@type\":\"ReadAction\",\"target\":[\"https:\/\/www.memso.org\/net\/index.php\/apolline-denis\/\"]}]},{\"@type\":\"BreadcrumbList\",\"@id\":\"https:\/\/www.memso.org\/net\/index.php\/apolline-denis\/#breadcrumb\",\"itemListElement\":[{\"@type\":\"ListItem\",\"position\":1,\"name\":\"Accueil\",\"item\":\"https:\/\/www.memso.org\/net\/\"},{\"@type\":\"ListItem\",\"position\":2,\"name\":\"Apolline DENIS\"}]}]}<\/script>\n<!-- \/ Yoast SEO plugin. -->","yoast_head_json":{"title":"Apolline DENIS - La Compagnie Memso","robots":{"index":"index","follow":"follow","max-snippet":"max-snippet:-1","max-image-preview":"max-image-preview:large","max-video-preview":"max-video-preview:-1"},"canonical":"https:\/\/www.memso.org\/net\/index.php\/apolline-denis\/","og_locale":"fr_FR","og_type":"article","og_title":"Apolline DENIS - La Compagnie Memso","og_description":"Com\u00e9dienne et auteure Form\u00e9e au Conservatoire de Bordeaux puis au Cours Florent \u00e0 Paris, Apolline s\u2019envole pour Singapour et Pittsburgh o\u00f9 elle exerce son m\u00e9tier de com\u00e9dienne (en anglais) mais aussi de metteur en sc\u00e8ne et de formatrice. De retour \u00e0 Bordeaux sa ville natale, elle continue sa formation professionnelle \u00e0 la Th\u00e9\u00e2trerie. Des amiti\u00e9s [&hellip;]","og_url":"https:\/\/www.memso.org\/net\/index.php\/apolline-denis\/","og_site_name":"La Compagnie Memso","article_modified_time":"2019-06-16T17:40:14+00:00","og_image":[{"width":778,"height":276,"url":"https:\/\/www.memso.org\/net\/wp-content\/uploads\/2019\/05\/2W6A7086-e1561639529770.jpg","type":"image\/jpeg"}],"twitter_card":"summary_large_image","twitter_misc":{"Dur\u00e9e de lecture estim\u00e9e":"1 minute"},"schema":{"@context":"https:\/\/schema.org","@graph":[{"@type":"WebSite","@id":"https:\/\/www.memso.org\/net\/#website","url":"https:\/\/www.memso.org\/net\/","name":"La Compagnie Memso","description":"","potentialAction":[{"@type":"SearchAction","target":{"@type":"EntryPoint","urlTemplate":"https:\/\/www.memso.org\/net\/?s={search_term_string}"},"query-input":"required name=search_term_string"}],"inLanguage":"fr-FR"},{"@type":"ImageObject","@id":"https:\/\/www.memso.org\/net\/index.php\/apolline-denis\/#primaryimage","inLanguage":"fr-FR","url":"https:\/\/www.memso.org\/net\/wp-content\/uploads\/2019\/05\/2W6A7086-e1561639529770.jpg","contentUrl":"https:\/\/www.memso.org\/net\/wp-content\/uploads\/2019\/05\/2W6A7086-e1561639529770.jpg","width":778,"height":276},{"@type":"WebPage","@id":"https:\/\/www.memso.org\/net\/index.php\/apolline-denis\/#webpage","url":"https:\/\/www.memso.org\/net\/index.php\/apolline-denis\/","name":"Apolline DENIS - La Compagnie Memso","isPartOf":{"@id":"https:\/\/www.memso.org\/net\/#website"},"primaryImageOfPage":{"@id":"https:\/\/www.memso.org\/net\/index.php\/apolline-denis\/#primaryimage"},"datePublished":"2019-06-12T07:16:37+00:00","dateModified":"2019-06-16T17:40:14+00:00","breadcrumb":{"@id":"https:\/\/www.memso.org\/net\/index.php\/apolline-denis\/#breadcrumb"},"inLanguage":"fr-FR","potentialAction":[{"@type":"ReadAction","target":["https:\/\/www.memso.org\/net\/index.php\/apolline-denis\/"]}]},{"@type":"BreadcrumbList","@id":"https:\/\/www.memso.org\/net\/index.php\/apolline-denis\/#breadcrumb","itemListElement":[{"@type":"ListItem","position":1,"name":"Accueil","item":"https:\/\/www.memso.org\/net\/"},{"@type":"ListItem","position":2,"name":"Apolline DENIS"}]}]}},"coauthors":[],"author_meta":{"author_link":"https:\/\/www.memso.org\/net\/index.php\/author\/roger\/","display_name":"Roger Contebardo"},"relative_dates":{"created":"Publi\u00e9 7 ans il y a","modified":"Mis \u00e0 jour 7 ans il y a"},"absolute_dates":{"created":"Publi\u00e9 le 12 juin 2019","modified":"Mise \u00e0 jour le 16 juin 2019"},"absolute_dates_time":{"created":"Publi\u00e9 le 12 juin 2019 9 h 16 min","modified":"Mise \u00e0 jour le 16 juin 2019 19 h 40 min"},"featured_img_caption":"","featured_img":"https:\/\/www.memso.org\/net\/wp-content\/uploads\/2019\/05\/2W6A7086-e1561639529770-640x276.jpg","series_order":"","_links":{"self":[{"href":"https:\/\/www.memso.org\/net\/index.php\/wp-json\/wp\/v2\/pages\/299","targetHints":{"allow":["GET"]}}],"collection":[{"href":"https:\/\/www.memso.org\/net\/index.php\/wp-json\/wp\/v2\/pages"}],"about":[{"href":"https:\/\/www.memso.org\/net\/index.php\/wp-json\/wp\/v2\/types\/page"}],"author":[{"embeddable":true,"href":"https:\/\/www.memso.org\/net\/index.php\/wp-json\/wp\/v2\/users\/2"}],"replies":[{"embeddable":true,"href":"https:\/\/www.memso.org\/net\/index.php\/wp-json\/wp\/v2\/comments?post=299"}],"version-history":[{"count":4,"href":"https:\/\/www.memso.org\/net\/index.php\/wp-json\/wp\/v2\/pages\/299\/revisions"}],"predecessor-version":[{"id":412,"href":"https:\/\/www.memso.org\/net\/index.php\/wp-json\/wp\/v2\/pages\/299\/revisions\/412"}],"wp:featuredmedia":[{"embeddable":true,"href":"https:\/\/www.memso.org\/net\/index.php\/wp-json\/wp\/v2\/media\/18"}],"wp:attachment":[{"href":"https:\/\/www.memso.org\/net\/index.php\/wp-json\/wp\/v2\/media?parent=299"}],"curies":[{"name":"wp","href":"https:\/\/api.w.org\/{rel}","templated":true}]}}