{"id":307,"date":"2019-06-12T09:24:04","date_gmt":"2019-06-12T07:24:04","guid":{"rendered":"http:\/\/www.memso.org\/net\/?page_id=307"},"modified":"2019-06-16T19:43:46","modified_gmt":"2019-06-16T17:43:46","slug":"pascale-fichers","status":"publish","type":"page","link":"https:\/\/www.memso.org\/net\/index.php\/pascale-fichers\/","title":{"rendered":"Pascale FICHERS"},"content":{"rendered":"<p><img loading=\"lazy\" decoding=\"async\" width=\"151\" height=\"151\" class=\" wp-image-310 alignleft\" alt=\"\" src=\"http:\/\/www.memso.org\/net\/wp-content\/uploads\/2019\/06\/pascale_voile3_72dpi_140-140.jpg\"><strong><span style=\"color: #808080; font-family: verdana,geneva,sans-serif;\">Sc\u00e9nographe<\/span><\/strong><\/p>\n<p><span style=\"color: #808080; font-family: verdana,geneva,sans-serif;\">Apr\u00e8s des \u00e9tudes en histoire de l&rsquo;Art \u00e0 Ulg et un graduat en Art textile \u00e0 Bischoffsheim, Pascale Fichers obtient un dipl\u00f4me de styliste et par la suite son dipl\u00f4me de l&rsquo;Acad\u00e9mie des Beaux-Arts de Li\u00e8ge en sculpture et peinture grand format. Elle se consacre principalement, depuis vingt ans et une centaine de spectacles, \u00e0 la cr\u00e9ation de d\u00e9cors et de costumes de th\u00e9\u00e2tre, elle travaille avec diff\u00e9rentes compagnies en Belgique et en France.<\/span><\/p>\n<p><span style=\"color: #808080; font-family: verdana,geneva,sans-serif;\">Elle sc\u00e9nographie des spectacles, des \u00e9v\u00e8nements, et r\u00e9alise des installations et des performances. Son parcours dans l&rsquo;univers du th\u00e9\u00e2tre et son travail d\u2019artiste plasticienne sont en lien permanent. <\/span><span style=\"color: #808080; font-family: verdana,geneva,sans-serif;\">Son travail artistique est une recherche perp\u00e9tuelle autour de l&rsquo;\u00eatre humain, de ses mouvements int\u00e9rieurs et ext\u00e9rieurs, du corps et de ses r\u00e9percussions.<\/span><\/p>\n<p><span style=\"color: #808080; font-family: verdana,geneva,sans-serif;\">Que ce soit pour le spectacle ou dans son travail personnel, elle cr\u00e9e par couches successives et subtiles des \u00e9l\u00e9ments qu&rsquo;elle met en place suivant ses envies et les besoins du projet. Elle travaille souvent avec des mat\u00e9riaux de r\u00e9cup\u00e9ration. Elle cr\u00e9e avec le c\u0153ur et une force int\u00e9rieure qui transforment et subliment la mati\u00e8re et lui redonnent une nouvelle vie.<\/span><\/p>\n","protected":false},"excerpt":{"rendered":"<p>Sc\u00e9nographe Apr\u00e8s des \u00e9tudes en histoire de l&rsquo;Art \u00e0 Ulg et un graduat en Art textile \u00e0 Bischoffsheim, Pascale Fichers obtient un dipl\u00f4me de styliste et par la suite son dipl\u00f4me de l&rsquo;Acad\u00e9mie des Beaux-Arts de Li\u00e8ge en sculpture et peinture grand format. Elle se consacre principalement, depuis vingt ans et une centaine de spectacles, [&hellip;]<\/p>\n","protected":false},"author":2,"featured_media":320,"parent":0,"menu_order":0,"comment_status":"closed","ping_status":"closed","template":"","meta":{"advgb_blocks_editor_width":"","advgb_blocks_columns_visual_guide":"","ngg_post_thumbnail":0,"_themeisle_gutenberg_block_has_review":false,"footnotes":""},"class_list":["post-307","page","type-page","status-publish","has-post-thumbnail","hentry"],"yoast_head":"<!-- This site is optimized with the Yoast SEO plugin v17.3 - https:\/\/yoast.com\/wordpress\/plugins\/seo\/ -->\n<title>Pascale FICHERS - La Compagnie Memso<\/title>\n<meta name=\"robots\" content=\"index, follow, max-snippet:-1, max-image-preview:large, max-video-preview:-1\" \/>\n<link rel=\"canonical\" href=\"https:\/\/www.memso.org\/net\/index.php\/pascale-fichers\/\" \/>\n<meta property=\"og:locale\" content=\"fr_FR\" \/>\n<meta property=\"og:type\" content=\"article\" \/>\n<meta property=\"og:title\" content=\"Pascale FICHERS - La Compagnie Memso\" \/>\n<meta property=\"og:description\" content=\"Sc\u00e9nographe Apr\u00e8s des \u00e9tudes en histoire de l&rsquo;Art \u00e0 Ulg et un graduat en Art textile \u00e0 Bischoffsheim, Pascale Fichers obtient un dipl\u00f4me de styliste et par la suite son dipl\u00f4me de l&rsquo;Acad\u00e9mie des Beaux-Arts de Li\u00e8ge en sculpture et peinture grand format. Elle se consacre principalement, depuis vingt ans et une centaine de spectacles, [&hellip;]\" \/>\n<meta property=\"og:url\" content=\"https:\/\/www.memso.org\/net\/index.php\/pascale-fichers\/\" \/>\n<meta property=\"og:site_name\" content=\"La Compagnie Memso\" \/>\n<meta property=\"article:modified_time\" content=\"2019-06-16T17:43:46+00:00\" \/>\n<meta property=\"og:image\" content=\"https:\/\/www.memso.org\/net\/wp-content\/uploads\/2019\/06\/PIC-DOSSIER-TUNNEL3.jpg\" \/>\n\t<meta property=\"og:image:width\" content=\"1095\" \/>\n\t<meta property=\"og:image:height\" content=\"629\" \/>\n<meta name=\"twitter:card\" content=\"summary_large_image\" \/>\n<meta name=\"twitter:label1\" content=\"Dur\u00e9e de lecture estim\u00e9e\" \/>\n\t<meta name=\"twitter:data1\" content=\"1 minute\" \/>\n<script type=\"application\/ld+json\" class=\"yoast-schema-graph\">{\"@context\":\"https:\/\/schema.org\",\"@graph\":[{\"@type\":\"WebSite\",\"@id\":\"https:\/\/www.memso.org\/net\/#website\",\"url\":\"https:\/\/www.memso.org\/net\/\",\"name\":\"La Compagnie Memso\",\"description\":\"\",\"potentialAction\":[{\"@type\":\"SearchAction\",\"target\":{\"@type\":\"EntryPoint\",\"urlTemplate\":\"https:\/\/www.memso.org\/net\/?s={search_term_string}\"},\"query-input\":\"required name=search_term_string\"}],\"inLanguage\":\"fr-FR\"},{\"@type\":\"ImageObject\",\"@id\":\"https:\/\/www.memso.org\/net\/index.php\/pascale-fichers\/#primaryimage\",\"inLanguage\":\"fr-FR\",\"url\":\"https:\/\/www.memso.org\/net\/wp-content\/uploads\/2019\/06\/PIC-DOSSIER-TUNNEL3.jpg\",\"contentUrl\":\"https:\/\/www.memso.org\/net\/wp-content\/uploads\/2019\/06\/PIC-DOSSIER-TUNNEL3.jpg\",\"width\":1095,\"height\":629},{\"@type\":\"WebPage\",\"@id\":\"https:\/\/www.memso.org\/net\/index.php\/pascale-fichers\/#webpage\",\"url\":\"https:\/\/www.memso.org\/net\/index.php\/pascale-fichers\/\",\"name\":\"Pascale FICHERS - La Compagnie Memso\",\"isPartOf\":{\"@id\":\"https:\/\/www.memso.org\/net\/#website\"},\"primaryImageOfPage\":{\"@id\":\"https:\/\/www.memso.org\/net\/index.php\/pascale-fichers\/#primaryimage\"},\"datePublished\":\"2019-06-12T07:24:04+00:00\",\"dateModified\":\"2019-06-16T17:43:46+00:00\",\"breadcrumb\":{\"@id\":\"https:\/\/www.memso.org\/net\/index.php\/pascale-fichers\/#breadcrumb\"},\"inLanguage\":\"fr-FR\",\"potentialAction\":[{\"@type\":\"ReadAction\",\"target\":[\"https:\/\/www.memso.org\/net\/index.php\/pascale-fichers\/\"]}]},{\"@type\":\"BreadcrumbList\",\"@id\":\"https:\/\/www.memso.org\/net\/index.php\/pascale-fichers\/#breadcrumb\",\"itemListElement\":[{\"@type\":\"ListItem\",\"position\":1,\"name\":\"Accueil\",\"item\":\"https:\/\/www.memso.org\/net\/\"},{\"@type\":\"ListItem\",\"position\":2,\"name\":\"Pascale FICHERS\"}]}]}<\/script>\n<!-- \/ Yoast SEO plugin. -->","yoast_head_json":{"title":"Pascale FICHERS - La Compagnie Memso","robots":{"index":"index","follow":"follow","max-snippet":"max-snippet:-1","max-image-preview":"max-image-preview:large","max-video-preview":"max-video-preview:-1"},"canonical":"https:\/\/www.memso.org\/net\/index.php\/pascale-fichers\/","og_locale":"fr_FR","og_type":"article","og_title":"Pascale FICHERS - La Compagnie Memso","og_description":"Sc\u00e9nographe Apr\u00e8s des \u00e9tudes en histoire de l&rsquo;Art \u00e0 Ulg et un graduat en Art textile \u00e0 Bischoffsheim, Pascale Fichers obtient un dipl\u00f4me de styliste et par la suite son dipl\u00f4me de l&rsquo;Acad\u00e9mie des Beaux-Arts de Li\u00e8ge en sculpture et peinture grand format. Elle se consacre principalement, depuis vingt ans et une centaine de spectacles, [&hellip;]","og_url":"https:\/\/www.memso.org\/net\/index.php\/pascale-fichers\/","og_site_name":"La Compagnie Memso","article_modified_time":"2019-06-16T17:43:46+00:00","og_image":[{"width":1095,"height":629,"url":"https:\/\/www.memso.org\/net\/wp-content\/uploads\/2019\/06\/PIC-DOSSIER-TUNNEL3.jpg","type":"image\/jpeg"}],"twitter_card":"summary_large_image","twitter_misc":{"Dur\u00e9e de lecture estim\u00e9e":"1 minute"},"schema":{"@context":"https:\/\/schema.org","@graph":[{"@type":"WebSite","@id":"https:\/\/www.memso.org\/net\/#website","url":"https:\/\/www.memso.org\/net\/","name":"La Compagnie Memso","description":"","potentialAction":[{"@type":"SearchAction","target":{"@type":"EntryPoint","urlTemplate":"https:\/\/www.memso.org\/net\/?s={search_term_string}"},"query-input":"required name=search_term_string"}],"inLanguage":"fr-FR"},{"@type":"ImageObject","@id":"https:\/\/www.memso.org\/net\/index.php\/pascale-fichers\/#primaryimage","inLanguage":"fr-FR","url":"https:\/\/www.memso.org\/net\/wp-content\/uploads\/2019\/06\/PIC-DOSSIER-TUNNEL3.jpg","contentUrl":"https:\/\/www.memso.org\/net\/wp-content\/uploads\/2019\/06\/PIC-DOSSIER-TUNNEL3.jpg","width":1095,"height":629},{"@type":"WebPage","@id":"https:\/\/www.memso.org\/net\/index.php\/pascale-fichers\/#webpage","url":"https:\/\/www.memso.org\/net\/index.php\/pascale-fichers\/","name":"Pascale FICHERS - La Compagnie Memso","isPartOf":{"@id":"https:\/\/www.memso.org\/net\/#website"},"primaryImageOfPage":{"@id":"https:\/\/www.memso.org\/net\/index.php\/pascale-fichers\/#primaryimage"},"datePublished":"2019-06-12T07:24:04+00:00","dateModified":"2019-06-16T17:43:46+00:00","breadcrumb":{"@id":"https:\/\/www.memso.org\/net\/index.php\/pascale-fichers\/#breadcrumb"},"inLanguage":"fr-FR","potentialAction":[{"@type":"ReadAction","target":["https:\/\/www.memso.org\/net\/index.php\/pascale-fichers\/"]}]},{"@type":"BreadcrumbList","@id":"https:\/\/www.memso.org\/net\/index.php\/pascale-fichers\/#breadcrumb","itemListElement":[{"@type":"ListItem","position":1,"name":"Accueil","item":"https:\/\/www.memso.org\/net\/"},{"@type":"ListItem","position":2,"name":"Pascale FICHERS"}]}]}},"coauthors":[],"author_meta":{"author_link":"https:\/\/www.memso.org\/net\/index.php\/author\/roger\/","display_name":"Roger Contebardo"},"relative_dates":{"created":"Publi\u00e9 7 ans il y a","modified":"Mis \u00e0 jour 7 ans il y a"},"absolute_dates":{"created":"Publi\u00e9 le 12 juin 2019","modified":"Mise \u00e0 jour le 16 juin 2019"},"absolute_dates_time":{"created":"Publi\u00e9 le 12 juin 2019 9 h 24 min","modified":"Mise \u00e0 jour le 16 juin 2019 19 h 43 min"},"featured_img_caption":"","featured_img":"https:\/\/www.memso.org\/net\/wp-content\/uploads\/2019\/06\/PIC-DOSSIER-TUNNEL3-650x629.jpg","series_order":"","_links":{"self":[{"href":"https:\/\/www.memso.org\/net\/index.php\/wp-json\/wp\/v2\/pages\/307","targetHints":{"allow":["GET"]}}],"collection":[{"href":"https:\/\/www.memso.org\/net\/index.php\/wp-json\/wp\/v2\/pages"}],"about":[{"href":"https:\/\/www.memso.org\/net\/index.php\/wp-json\/wp\/v2\/types\/page"}],"author":[{"embeddable":true,"href":"https:\/\/www.memso.org\/net\/index.php\/wp-json\/wp\/v2\/users\/2"}],"replies":[{"embeddable":true,"href":"https:\/\/www.memso.org\/net\/index.php\/wp-json\/wp\/v2\/comments?post=307"}],"version-history":[{"count":3,"href":"https:\/\/www.memso.org\/net\/index.php\/wp-json\/wp\/v2\/pages\/307\/revisions"}],"predecessor-version":[{"id":417,"href":"https:\/\/www.memso.org\/net\/index.php\/wp-json\/wp\/v2\/pages\/307\/revisions\/417"}],"wp:featuredmedia":[{"embeddable":true,"href":"https:\/\/www.memso.org\/net\/index.php\/wp-json\/wp\/v2\/media\/320"}],"wp:attachment":[{"href":"https:\/\/www.memso.org\/net\/index.php\/wp-json\/wp\/v2\/media?parent=307"}],"curies":[{"name":"wp","href":"https:\/\/api.w.org\/{rel}","templated":true}]}}