{"id":487,"date":"2020-11-21T15:25:03","date_gmt":"2020-11-21T14:25:03","guid":{"rendered":"http:\/\/www.memso.org\/net\/?page_id=487"},"modified":"2024-07-11T16:16:49","modified_gmt":"2024-07-11T14:16:49","slug":"son-parfum-davalanche","status":"publish","type":"page","link":"https:\/\/www.memso.org\/net\/index.php\/son-parfum-davalanche\/","title":{"rendered":"DOLORES"},"content":{"rendered":"<div class=\"page\" title=\"Page 1\">\n<div class=\"page\" title=\"Page 1\">\n<div title=\"Page 1\"><span style=\"font-family: Verdana, Geneva;\"><strong>La toute nouvelle cr\u00e9ation de MEMSO : l&rsquo;adaptation de \u00ab\u00a0DOLORES\u00a0\u00bb de Edward Allan Baker<\/strong><\/span><\/div>\n<div title=\"Page 1\">&nbsp;<\/div>\n<\/div>\n<div title=\"Page 1\">\n<div class=\"page\" title=\"Page 2\">\n<div class=\"layoutArea\">\n<p><span style=\"font-family: Verdana, Geneva;\"><img loading=\"lazy\" decoding=\"async\" class=\"alignnone wp-image-900 size-medium\" src=\"http:\/\/www.memso.org\/net\/wp-content\/uploads\/2024\/07\/affiche-dolores-WEB-2-213x300.jpeg\" alt=\"\" width=\"213\" height=\"300\" srcset=\"https:\/\/www.memso.org\/net\/wp-content\/uploads\/2024\/07\/affiche-dolores-WEB-2-213x300.jpeg 213w, https:\/\/www.memso.org\/net\/wp-content\/uploads\/2024\/07\/affiche-dolores-WEB-2.jpeg 454w\" sizes=\"auto, (max-width: 213px) 100vw, 213px\" \/><\/span><\/p>\n<div class=\"column\">\n<p><span style=\"font-family: verdana, geneva, sans-serif;\">Dolor\u00e8s aime les chansons romantiques et les mariages. Pourtant jusque-l\u00e0, elle n\u2019est pas <\/span><span style=\"font-family: verdana, geneva, sans-serif;\">vraiment tomb\u00e9e sur le bon num\u00e9ro. Une fois de plus, poursuivie par un mari violent, elle fait <\/span><span style=\"font-family: verdana, geneva, sans-serif;\">irruption chez sa petite s\u0153ur Sandra. Celle-ci, exc\u00e9d\u00e9e par les frasques de son a\u00een\u00e9e, va tout <\/span><span style=\"font-family: verdana, geneva, sans-serif;\">mettre en \u0153uvre pour la mettre \u00e0 la porte. En vain\u2026 <\/span><br \/>\n<span style=\"font-family: verdana, geneva, sans-serif;\">Un duel d\u2019amour entre deux s\u0153urs : enferm\u00e9es chacune dans les blessures de leur enfance <\/span><span style=\"font-family: verdana, geneva, sans-serif;\">violente, elles tentent de leur mieux d\u2019atteindre le c\u0153ur de l\u2019autre pour qu\u2019\u00e9clate enfin la v\u00e9rit\u00e9. Des <\/span><span style=\"font-family: verdana, geneva, sans-serif;\">dialogues crus, vifs, rythm\u00e9s, des personnages hauts en couleurs, m\u00ealant humour et gravit\u00e9.<\/span><\/p>\n<p><span style=\"font-family: verdana, geneva, sans-serif;\">Nous avons d\u00e9cid\u00e9 d\u2019adapter et de produire cette pi\u00e8ce en France, d\u2019abord parce que la pi\u00e8ce nous a imm\u00e9diatement conquis par sa <\/span><span style=\"font-family: verdana, geneva, sans-serif;\">force et la qualit\u00e9 de son \u00e9criture, et \u00e9galement pour porter un sujet qui nous touche en tant que femmes et artistes. Il nous semble <\/span><span style=\"font-family: verdana, geneva, sans-serif;\">essentiel de soutenir la lutte contre les violences domestiques intra-familiales. <\/span><span style=\"font-family: verdana, geneva, sans-serif;\">Assister \u00e0 un spectacle vivant aujourd\u2019hui n\u2019est pas anodin. Il permet d\u2019ouvrir plus, largement, sans donner de le\u00e7on ou r\u00e9server le <\/span><span style=\"font-family: verdana, geneva, sans-serif;\">propos \u00e0 celles et ceux qui sont d\u00e9j\u00e0 convaincus. Il a un mode d\u2019action plus doux et plus impactant : le spectateur n\u2019est pas pris \u00e0 <\/span><span style=\"font-family: verdana, geneva, sans-serif;\">partie, mais vit une exp\u00e9rience. Il lui est propos\u00e9 un espace d\u2019imaginaire dans lequel il peut plus facilement accepter d\u2019aller et de <\/span><span style=\"font-family: verdana, geneva, sans-serif;\">laisser ses a priori de c\u00f4t\u00e9. Une belle fa\u00e7on de sensibiliser et de toucher les gens sur des sujets sensibles. Cela vient compl\u00e9ter des <\/span><span style=\"font-family: verdana, geneva, sans-serif;\">sensibilisations plus factuelles.<\/span><\/p>\n<p>&nbsp;<\/p>\n<\/div>\n<\/div>\n<\/div>\n<\/div>\n<\/div>\n","protected":false},"excerpt":{"rendered":"<p>La toute nouvelle cr\u00e9ation de MEMSO : l&rsquo;adaptation de \u00ab\u00a0DOLORES\u00a0\u00bb de Edward Allan Baker &nbsp; Dolor\u00e8s aime les chansons romantiques et les mariages. Pourtant jusque-l\u00e0, elle n\u2019est pas vraiment tomb\u00e9e sur le bon num\u00e9ro. Une fois de plus, poursuivie par un mari violent, elle fait irruption chez sa petite s\u0153ur Sandra. Celle-ci, exc\u00e9d\u00e9e par les [&hellip;]<\/p>\n","protected":false},"author":2,"featured_media":0,"parent":0,"menu_order":0,"comment_status":"closed","ping_status":"closed","template":"","meta":{"advgb_blocks_editor_width":"","advgb_blocks_columns_visual_guide":"","ngg_post_thumbnail":0,"_themeisle_gutenberg_block_has_review":false,"footnotes":""},"class_list":["post-487","page","type-page","status-publish","hentry"],"yoast_head":"<!-- This site is optimized with the Yoast SEO plugin v17.3 - https:\/\/yoast.com\/wordpress\/plugins\/seo\/ -->\n<title>DOLORES - La Compagnie Memso<\/title>\n<meta name=\"robots\" content=\"index, follow, max-snippet:-1, max-image-preview:large, max-video-preview:-1\" \/>\n<link rel=\"canonical\" href=\"https:\/\/www.memso.org\/net\/index.php\/son-parfum-davalanche\/\" \/>\n<meta property=\"og:locale\" content=\"fr_FR\" \/>\n<meta property=\"og:type\" content=\"article\" \/>\n<meta property=\"og:title\" content=\"DOLORES - La Compagnie Memso\" \/>\n<meta property=\"og:description\" content=\"La toute nouvelle cr\u00e9ation de MEMSO : l&rsquo;adaptation de \u00ab\u00a0DOLORES\u00a0\u00bb de Edward Allan Baker &nbsp; Dolor\u00e8s aime les chansons romantiques et les mariages. Pourtant jusque-l\u00e0, elle n\u2019est pas vraiment tomb\u00e9e sur le bon num\u00e9ro. Une fois de plus, poursuivie par un mari violent, elle fait irruption chez sa petite s\u0153ur Sandra. Celle-ci, exc\u00e9d\u00e9e par les [&hellip;]\" \/>\n<meta property=\"og:url\" content=\"https:\/\/www.memso.org\/net\/index.php\/son-parfum-davalanche\/\" \/>\n<meta property=\"og:site_name\" content=\"La Compagnie Memso\" \/>\n<meta property=\"article:modified_time\" content=\"2024-07-11T14:16:49+00:00\" \/>\n<meta property=\"og:image\" content=\"http:\/\/www.memso.org\/net\/wp-content\/uploads\/2024\/07\/affiche-dolores-WEB-2-213x300.jpeg\" \/>\n<meta name=\"twitter:card\" content=\"summary_large_image\" \/>\n<meta name=\"twitter:label1\" content=\"Dur\u00e9e de lecture estim\u00e9e\" \/>\n\t<meta name=\"twitter:data1\" content=\"1 minute\" \/>\n<script type=\"application\/ld+json\" class=\"yoast-schema-graph\">{\"@context\":\"https:\/\/schema.org\",\"@graph\":[{\"@type\":\"WebSite\",\"@id\":\"https:\/\/www.memso.org\/net\/#website\",\"url\":\"https:\/\/www.memso.org\/net\/\",\"name\":\"La Compagnie Memso\",\"description\":\"\",\"potentialAction\":[{\"@type\":\"SearchAction\",\"target\":{\"@type\":\"EntryPoint\",\"urlTemplate\":\"https:\/\/www.memso.org\/net\/?s={search_term_string}\"},\"query-input\":\"required name=search_term_string\"}],\"inLanguage\":\"fr-FR\"},{\"@type\":\"ImageObject\",\"@id\":\"https:\/\/www.memso.org\/net\/index.php\/son-parfum-davalanche\/#primaryimage\",\"inLanguage\":\"fr-FR\",\"url\":\"http:\/\/www.memso.org\/net\/wp-content\/uploads\/2024\/07\/affiche-dolores-WEB-2-213x300.jpeg\",\"contentUrl\":\"http:\/\/www.memso.org\/net\/wp-content\/uploads\/2024\/07\/affiche-dolores-WEB-2-213x300.jpeg\"},{\"@type\":\"WebPage\",\"@id\":\"https:\/\/www.memso.org\/net\/index.php\/son-parfum-davalanche\/#webpage\",\"url\":\"https:\/\/www.memso.org\/net\/index.php\/son-parfum-davalanche\/\",\"name\":\"DOLORES - La Compagnie Memso\",\"isPartOf\":{\"@id\":\"https:\/\/www.memso.org\/net\/#website\"},\"primaryImageOfPage\":{\"@id\":\"https:\/\/www.memso.org\/net\/index.php\/son-parfum-davalanche\/#primaryimage\"},\"datePublished\":\"2020-11-21T14:25:03+00:00\",\"dateModified\":\"2024-07-11T14:16:49+00:00\",\"breadcrumb\":{\"@id\":\"https:\/\/www.memso.org\/net\/index.php\/son-parfum-davalanche\/#breadcrumb\"},\"inLanguage\":\"fr-FR\",\"potentialAction\":[{\"@type\":\"ReadAction\",\"target\":[\"https:\/\/www.memso.org\/net\/index.php\/son-parfum-davalanche\/\"]}]},{\"@type\":\"BreadcrumbList\",\"@id\":\"https:\/\/www.memso.org\/net\/index.php\/son-parfum-davalanche\/#breadcrumb\",\"itemListElement\":[{\"@type\":\"ListItem\",\"position\":1,\"name\":\"Accueil\",\"item\":\"https:\/\/www.memso.org\/net\/\"},{\"@type\":\"ListItem\",\"position\":2,\"name\":\"DOLORES\"}]}]}<\/script>\n<!-- \/ Yoast SEO plugin. -->","yoast_head_json":{"title":"DOLORES - La Compagnie Memso","robots":{"index":"index","follow":"follow","max-snippet":"max-snippet:-1","max-image-preview":"max-image-preview:large","max-video-preview":"max-video-preview:-1"},"canonical":"https:\/\/www.memso.org\/net\/index.php\/son-parfum-davalanche\/","og_locale":"fr_FR","og_type":"article","og_title":"DOLORES - La Compagnie Memso","og_description":"La toute nouvelle cr\u00e9ation de MEMSO : l&rsquo;adaptation de \u00ab\u00a0DOLORES\u00a0\u00bb de Edward Allan Baker &nbsp; Dolor\u00e8s aime les chansons romantiques et les mariages. Pourtant jusque-l\u00e0, elle n\u2019est pas vraiment tomb\u00e9e sur le bon num\u00e9ro. Une fois de plus, poursuivie par un mari violent, elle fait irruption chez sa petite s\u0153ur Sandra. Celle-ci, exc\u00e9d\u00e9e par les [&hellip;]","og_url":"https:\/\/www.memso.org\/net\/index.php\/son-parfum-davalanche\/","og_site_name":"La Compagnie Memso","article_modified_time":"2024-07-11T14:16:49+00:00","og_image":[{"url":"http:\/\/www.memso.org\/net\/wp-content\/uploads\/2024\/07\/affiche-dolores-WEB-2-213x300.jpeg"}],"twitter_card":"summary_large_image","twitter_misc":{"Dur\u00e9e de lecture estim\u00e9e":"1 minute"},"schema":{"@context":"https:\/\/schema.org","@graph":[{"@type":"WebSite","@id":"https:\/\/www.memso.org\/net\/#website","url":"https:\/\/www.memso.org\/net\/","name":"La Compagnie Memso","description":"","potentialAction":[{"@type":"SearchAction","target":{"@type":"EntryPoint","urlTemplate":"https:\/\/www.memso.org\/net\/?s={search_term_string}"},"query-input":"required name=search_term_string"}],"inLanguage":"fr-FR"},{"@type":"ImageObject","@id":"https:\/\/www.memso.org\/net\/index.php\/son-parfum-davalanche\/#primaryimage","inLanguage":"fr-FR","url":"http:\/\/www.memso.org\/net\/wp-content\/uploads\/2024\/07\/affiche-dolores-WEB-2-213x300.jpeg","contentUrl":"http:\/\/www.memso.org\/net\/wp-content\/uploads\/2024\/07\/affiche-dolores-WEB-2-213x300.jpeg"},{"@type":"WebPage","@id":"https:\/\/www.memso.org\/net\/index.php\/son-parfum-davalanche\/#webpage","url":"https:\/\/www.memso.org\/net\/index.php\/son-parfum-davalanche\/","name":"DOLORES - La Compagnie Memso","isPartOf":{"@id":"https:\/\/www.memso.org\/net\/#website"},"primaryImageOfPage":{"@id":"https:\/\/www.memso.org\/net\/index.php\/son-parfum-davalanche\/#primaryimage"},"datePublished":"2020-11-21T14:25:03+00:00","dateModified":"2024-07-11T14:16:49+00:00","breadcrumb":{"@id":"https:\/\/www.memso.org\/net\/index.php\/son-parfum-davalanche\/#breadcrumb"},"inLanguage":"fr-FR","potentialAction":[{"@type":"ReadAction","target":["https:\/\/www.memso.org\/net\/index.php\/son-parfum-davalanche\/"]}]},{"@type":"BreadcrumbList","@id":"https:\/\/www.memso.org\/net\/index.php\/son-parfum-davalanche\/#breadcrumb","itemListElement":[{"@type":"ListItem","position":1,"name":"Accueil","item":"https:\/\/www.memso.org\/net\/"},{"@type":"ListItem","position":2,"name":"DOLORES"}]}]}},"coauthors":[],"author_meta":{"author_link":"https:\/\/www.memso.org\/net\/index.php\/author\/roger\/","display_name":"Roger Contebardo"},"relative_dates":{"created":"Publi\u00e9 5 ans il y a","modified":"Mis \u00e0 jour 2 ans il y a"},"absolute_dates":{"created":"Publi\u00e9 le 21 novembre 2020","modified":"Mise \u00e0 jour le 11 juillet 2024"},"absolute_dates_time":{"created":"Publi\u00e9 le 21 novembre 2020 15 h 25 min","modified":"Mise \u00e0 jour le 11 juillet 2024 16 h 16 min"},"featured_img_caption":"","featured_img":false,"series_order":"","_links":{"self":[{"href":"https:\/\/www.memso.org\/net\/index.php\/wp-json\/wp\/v2\/pages\/487","targetHints":{"allow":["GET"]}}],"collection":[{"href":"https:\/\/www.memso.org\/net\/index.php\/wp-json\/wp\/v2\/pages"}],"about":[{"href":"https:\/\/www.memso.org\/net\/index.php\/wp-json\/wp\/v2\/types\/page"}],"author":[{"embeddable":true,"href":"https:\/\/www.memso.org\/net\/index.php\/wp-json\/wp\/v2\/users\/2"}],"replies":[{"embeddable":true,"href":"https:\/\/www.memso.org\/net\/index.php\/wp-json\/wp\/v2\/comments?post=487"}],"version-history":[{"count":8,"href":"https:\/\/www.memso.org\/net\/index.php\/wp-json\/wp\/v2\/pages\/487\/revisions"}],"predecessor-version":[{"id":903,"href":"https:\/\/www.memso.org\/net\/index.php\/wp-json\/wp\/v2\/pages\/487\/revisions\/903"}],"wp:attachment":[{"href":"https:\/\/www.memso.org\/net\/index.php\/wp-json\/wp\/v2\/media?parent=487"}],"curies":[{"name":"wp","href":"https:\/\/api.w.org\/{rel}","templated":true}]}}