{"id":83,"date":"2019-05-19T23:06:52","date_gmt":"2019-05-19T21:06:52","guid":{"rendered":"http:\/\/www.memso.org\/net\/?page_id=83"},"modified":"2024-07-11T16:02:56","modified_gmt":"2024-07-11T14:02:56","slug":"comediens-2","status":"publish","type":"page","link":"https:\/\/www.memso.org\/net\/index.php\/comediens-2\/","title":{"rendered":"Une Troupe"},"content":{"rendered":"<p>La Compagnie Memso est n\u00e9e en 2014 de la rencontre d&rsquo;acteurs autour du travail de Robert Castle et Alejandra Orozco directeurs d\u2019acteurs am\u00e9ricains fondateurs de <strong>IT New-York<\/strong> production. De parcours et d\u2019exp\u00e9riences divers, les acteurs de la compagnie se sont retrouv\u00e9s sur une conviction : la qualit\u00e9 du jeu d\u2019acteur passe par un entra\u00eenement exigeant et r\u00e9gulier, \u00e0 l\u2019instar de la \u00ab barre \u00bb des danseurs ou les gammes des musiciens. Les cr\u00e9ations de Memso s\u2019appuient donc sur un jeu d\u2019acteur incarn\u00e9, g\u00e9n\u00e9reux, s\u2019affranchissant des clich\u00e9s et des \u00ab\u00a0trucs\u00a0\u00bb.<\/p>\n<p>&nbsp;<\/p>\n<p>&nbsp;<\/p>\n<p>&nbsp;<\/p>\n<p><span style=\"font-family: verdana,geneva,sans-serif;\"><b><a href=\"http:\/\/www.memso.org\/net\/index.php\/oriane-polack\/\"><img loading=\"lazy\" decoding=\"async\" class=\"wp-image-297 alignleft\" src=\"http:\/\/www.memso.org\/net\/wp-content\/uploads\/2019\/06\/oriane--300x300.jpg\" alt=\"\" width=\"209\" height=\"209\" srcset=\"https:\/\/www.memso.org\/net\/wp-content\/uploads\/2019\/06\/oriane--300x300.jpg 300w, https:\/\/www.memso.org\/net\/wp-content\/uploads\/2019\/06\/oriane--150x150.jpg 150w, https:\/\/www.memso.org\/net\/wp-content\/uploads\/2019\/06\/oriane-.jpg 640w\" sizes=\"auto, (max-width: 209px) 100vw, 209px\" \/><\/a><\/b><\/span><\/p>\n<p>&nbsp;<\/p>\n<p>&nbsp;<\/p>\n<p>&nbsp;<\/p>\n<p>&nbsp;<\/p>\n<p><b>Oriane POLACK<\/b><\/p>\n<p>R\u00e9alisatrice \/ Pr\u00e9sidente de la Cie<\/p>\n<p>&nbsp;<\/p>\n<p><strong><a href=\"http:\/\/www.memso.org\/net\/index.php\/celine-perra\/\"><img loading=\"lazy\" decoding=\"async\" class=\"wp-image-38 alignleft\" style=\"outline: #72777c solid 1px; height: 217px; text-align: left; color: #7b7b7b; text-transform: none; text-indent: 0px; letter-spacing: normal; font-family: verdana,geneva,sans-serif; font-size: 17.93px; font-style: normal; font-variant: normal; font-weight: bold; text-decoration: none; word-spacing: 0px; vertical-align: middle; white-space: normal; max-width: 680px; box-sizing: border-box; orphans: 2; -webkit-text-stroke-width: 0px; background-color: transparent;\" src=\"http:\/\/www.memso.org\/net\/wp-content\/uploads\/2019\/05\/C\u00e9c\u00e9-300x214.jpg\" alt=\"\" width=\"304\" height=\"214\"><\/a><\/strong><\/p>\n<p>&nbsp;<\/p>\n<p>&nbsp;<\/p>\n<p>&nbsp;<\/p>\n<p>&nbsp;<\/p>\n<p style=\"text-align: left;\"><strong>C\u00e9line PERRA<i><\/i><u><\/u><\/strong><\/p>\n<p>Com\u00e9dienne \/ Metteur en sc\u00e8ne \/ Auteure<\/p>\n<p><span style=\"font-family: verdana,geneva,sans-serif;\"><b><a href=\"http:\/\/www.memso.org\/net\/index.php\/apolline-denis\/\"> <img loading=\"lazy\" decoding=\"async\" class=\"wp-image-296 alignleft\" src=\"http:\/\/www.memso.org\/net\/wp-content\/uploads\/2019\/06\/APO-200x300.jpg\" alt=\"\" width=\"171\" height=\"257\" srcset=\"https:\/\/www.memso.org\/net\/wp-content\/uploads\/2019\/06\/APO-200x300.jpg 200w, https:\/\/www.memso.org\/net\/wp-content\/uploads\/2019\/06\/APO.jpg 427w\" sizes=\"auto, (max-width: 171px) 100vw, 171px\" \/><\/a><\/b><\/span><\/p>\n<p>&nbsp;<\/p>\n<p>&nbsp;<\/p>\n<p>&nbsp;<\/p>\n<p>&nbsp;<\/p>\n<p>&nbsp;<\/p>\n<p><span style=\"font-family: verdana,geneva,sans-serif;\"><b><span style=\"font-size: 12pt;\">Apolline DENIS<\/span><\/b><\/span><\/p>\n<p><span style=\"font-family: Verdana,Geneva; font-size: 12pt;\">Com\u00e9dienne \/ Auteure<\/span><\/p>\n<p><a href=\"http:\/\/www.memso.org\/net\/index.php\/michael-assie\/\"><img loading=\"lazy\" decoding=\"async\" class=\"size-medium wp-image-41 alignleft\" src=\"http:\/\/www.memso.org\/net\/wp-content\/uploads\/2019\/05\/Mika-300x200.jpg\" alt=\"\" width=\"300\" height=\"200\" srcset=\"https:\/\/www.memso.org\/net\/wp-content\/uploads\/2019\/05\/Mika-300x200.jpg 300w, https:\/\/www.memso.org\/net\/wp-content\/uploads\/2019\/05\/Mika.jpg 640w\" sizes=\"auto, (max-width: 300px) 100vw, 300px\" \/><\/a><\/p>\n<p>&nbsp;<\/p>\n<p>&nbsp;<\/p>\n<p>&nbsp;<\/p>\n<p><strong><span style=\"font-family: Verdana,Geneva; font-size: 12pt;\">Micha\u00ebl ASSIE<\/span><\/strong><\/p>\n<p><span style=\"font-family: Verdana,Geneva; font-size: 12pt;\">Com\u00e9dien<\/span><\/p>\n<p>&nbsp;<\/p>\n<p style=\"text-align: left;\"><a href=\"http:\/\/www.memso.org\/net\/index.php\/julien-joerger\/\"><img loading=\"lazy\" decoding=\"async\" class=\"size-medium wp-image-40 alignleft\" src=\"http:\/\/www.memso.org\/net\/wp-content\/uploads\/2019\/05\/Juju-200x300.jpg\" alt=\"\" width=\"200\" height=\"300\" srcset=\"https:\/\/www.memso.org\/net\/wp-content\/uploads\/2019\/05\/Juju-200x300.jpg 200w, https:\/\/www.memso.org\/net\/wp-content\/uploads\/2019\/05\/Juju.jpg 427w\" sizes=\"auto, (max-width: 200px) 100vw, 200px\" \/><\/a><\/p>\n<p>&nbsp;<\/p>\n<p>&nbsp;<\/p>\n<p>&nbsp;<\/p>\n<p>&nbsp;<\/p>\n<p>&nbsp;<\/p>\n<p>&nbsp;<\/p>\n<p style=\"text-align: left;\"><strong><span style=\"font-family: Verdana,Geneva; font-size: 12pt;\">Julien JOERGER<\/span><\/strong><\/p>\n<p><span style=\"font-family: Verdana,Geneva; font-size: 12pt;\">Com\u00e9dien<\/span><\/p>\n<p><a href=\"http:\/\/www.memso.org\/net\/index.php\/roger-contebardo\/\"><img loading=\"lazy\" decoding=\"async\" class=\" wp-image-120 alignleft\" src=\"http:\/\/www.memso.org\/net\/wp-content\/uploads\/2019\/06\/Roger-Contebardo-1-300x225.jpg\" alt=\"\" width=\"311\" height=\"233\" srcset=\"https:\/\/www.memso.org\/net\/wp-content\/uploads\/2019\/06\/Roger-Contebardo-1-300x225.jpg 300w, https:\/\/www.memso.org\/net\/wp-content\/uploads\/2019\/06\/Roger-Contebardo-1-768x576.jpg 768w, https:\/\/www.memso.org\/net\/wp-content\/uploads\/2019\/06\/Roger-Contebardo-1-1024x768.jpg 1024w, https:\/\/www.memso.org\/net\/wp-content\/uploads\/2019\/06\/Roger-Contebardo-1.jpg 1100w\" sizes=\"auto, (max-width: 311px) 100vw, 311px\" \/><\/a><\/p>\n<p>&nbsp;<\/p>\n<p>&nbsp;<\/p>\n<p>&nbsp;<\/p>\n<p>&nbsp;<\/p>\n<p><strong><span style=\"font-family: Verdana,Geneva; font-size: 12pt;\">Roger CONTEBARDO<\/span><\/strong><\/p>\n<p><span style=\"font-family: Verdana,Geneva; font-size: 12pt;\">Com\u00e9dien<\/span><\/p>\n<p>&nbsp;<\/p>\n<p><strong><span style=\"font-family: Verdana,Geneva; font-size: 12pt;\"><a href=\"http:\/\/www.memso.org\/net\/index.php\/pascale-fichers\/\"><img loading=\"lazy\" decoding=\"async\" class=\" wp-image-310 alignleft\" src=\"http:\/\/www.memso.org\/net\/wp-content\/uploads\/2019\/06\/pascale_voile3_72dpi_140-140.jpg\" alt=\"\" width=\"170\" height=\"170\"><\/a><\/span><\/strong><\/p>\n<p>&nbsp;<\/p>\n<p>&nbsp;<\/p>\n<p>&nbsp;<\/p>\n<p><strong><span style=\"font-family: Verdana,Geneva; font-size: 12pt;\">Pascale FICHERS<\/span><\/strong><\/p>\n<p><span style=\"font-family: Verdana,Geneva; font-size: 12pt;\">Sc\u00e9nographe<\/span><\/p>\n<p>&nbsp;<\/p>\n","protected":false},"excerpt":{"rendered":"<p>La Compagnie Memso est n\u00e9e en 2014 de la rencontre d&rsquo;acteurs autour du travail de Robert Castle et Alejandra Orozco directeurs d\u2019acteurs am\u00e9ricains fondateurs de IT New-York production. De parcours et d\u2019exp\u00e9riences divers, les acteurs de la compagnie se sont retrouv\u00e9s sur une conviction : la qualit\u00e9 du jeu d\u2019acteur passe par un entra\u00eenement exigeant [&hellip;]<\/p>\n","protected":false},"author":1,"featured_media":19,"parent":0,"menu_order":0,"comment_status":"closed","ping_status":"closed","template":"","meta":{"advgb_blocks_editor_width":"","advgb_blocks_columns_visual_guide":"","ngg_post_thumbnail":0,"_themeisle_gutenberg_block_has_review":false,"footnotes":""},"class_list":["post-83","page","type-page","status-publish","has-post-thumbnail","hentry"],"yoast_head":"<!-- This site is optimized with the Yoast SEO plugin v17.3 - https:\/\/yoast.com\/wordpress\/plugins\/seo\/ -->\n<title>Une Troupe - La Compagnie Memso<\/title>\n<meta name=\"robots\" content=\"index, follow, max-snippet:-1, max-image-preview:large, max-video-preview:-1\" \/>\n<link rel=\"canonical\" href=\"https:\/\/www.memso.org\/net\/index.php\/comediens-2\/\" \/>\n<meta property=\"og:locale\" content=\"fr_FR\" \/>\n<meta property=\"og:type\" content=\"article\" \/>\n<meta property=\"og:title\" content=\"Une Troupe - La Compagnie Memso\" \/>\n<meta property=\"og:description\" content=\"La Compagnie Memso est n\u00e9e en 2014 de la rencontre d&rsquo;acteurs autour du travail de Robert Castle et Alejandra Orozco directeurs d\u2019acteurs am\u00e9ricains fondateurs de IT New-York production. De parcours et d\u2019exp\u00e9riences divers, les acteurs de la compagnie se sont retrouv\u00e9s sur une conviction : la qualit\u00e9 du jeu d\u2019acteur passe par un entra\u00eenement exigeant [&hellip;]\" \/>\n<meta property=\"og:url\" content=\"https:\/\/www.memso.org\/net\/index.php\/comediens-2\/\" \/>\n<meta property=\"og:site_name\" content=\"La Compagnie Memso\" \/>\n<meta property=\"article:modified_time\" content=\"2024-07-11T14:02:56+00:00\" \/>\n<meta property=\"og:image\" content=\"https:\/\/www.memso.org\/net\/wp-content\/uploads\/2019\/05\/2W6A7180.jpg\" \/>\n\t<meta property=\"og:image:width\" content=\"1024\" \/>\n\t<meta property=\"og:image:height\" content=\"683\" \/>\n<meta name=\"twitter:card\" content=\"summary_large_image\" \/>\n<meta name=\"twitter:label1\" content=\"Dur\u00e9e de lecture estim\u00e9e\" \/>\n\t<meta name=\"twitter:data1\" content=\"1 minute\" \/>\n<script type=\"application\/ld+json\" class=\"yoast-schema-graph\">{\"@context\":\"https:\/\/schema.org\",\"@graph\":[{\"@type\":\"WebSite\",\"@id\":\"https:\/\/www.memso.org\/net\/#website\",\"url\":\"https:\/\/www.memso.org\/net\/\",\"name\":\"La Compagnie Memso\",\"description\":\"\",\"potentialAction\":[{\"@type\":\"SearchAction\",\"target\":{\"@type\":\"EntryPoint\",\"urlTemplate\":\"https:\/\/www.memso.org\/net\/?s={search_term_string}\"},\"query-input\":\"required name=search_term_string\"}],\"inLanguage\":\"fr-FR\"},{\"@type\":\"ImageObject\",\"@id\":\"https:\/\/www.memso.org\/net\/index.php\/comediens-2\/#primaryimage\",\"inLanguage\":\"fr-FR\",\"url\":\"https:\/\/www.memso.org\/net\/wp-content\/uploads\/2019\/05\/2W6A7180.jpg\",\"contentUrl\":\"https:\/\/www.memso.org\/net\/wp-content\/uploads\/2019\/05\/2W6A7180.jpg\",\"width\":1024,\"height\":683},{\"@type\":\"WebPage\",\"@id\":\"https:\/\/www.memso.org\/net\/index.php\/comediens-2\/#webpage\",\"url\":\"https:\/\/www.memso.org\/net\/index.php\/comediens-2\/\",\"name\":\"Une Troupe - La Compagnie Memso\",\"isPartOf\":{\"@id\":\"https:\/\/www.memso.org\/net\/#website\"},\"primaryImageOfPage\":{\"@id\":\"https:\/\/www.memso.org\/net\/index.php\/comediens-2\/#primaryimage\"},\"datePublished\":\"2019-05-19T21:06:52+00:00\",\"dateModified\":\"2024-07-11T14:02:56+00:00\",\"breadcrumb\":{\"@id\":\"https:\/\/www.memso.org\/net\/index.php\/comediens-2\/#breadcrumb\"},\"inLanguage\":\"fr-FR\",\"potentialAction\":[{\"@type\":\"ReadAction\",\"target\":[\"https:\/\/www.memso.org\/net\/index.php\/comediens-2\/\"]}]},{\"@type\":\"BreadcrumbList\",\"@id\":\"https:\/\/www.memso.org\/net\/index.php\/comediens-2\/#breadcrumb\",\"itemListElement\":[{\"@type\":\"ListItem\",\"position\":1,\"name\":\"Accueil\",\"item\":\"https:\/\/www.memso.org\/net\/\"},{\"@type\":\"ListItem\",\"position\":2,\"name\":\"Une Troupe\"}]}]}<\/script>\n<!-- \/ Yoast SEO plugin. -->","yoast_head_json":{"title":"Une Troupe - La Compagnie Memso","robots":{"index":"index","follow":"follow","max-snippet":"max-snippet:-1","max-image-preview":"max-image-preview:large","max-video-preview":"max-video-preview:-1"},"canonical":"https:\/\/www.memso.org\/net\/index.php\/comediens-2\/","og_locale":"fr_FR","og_type":"article","og_title":"Une Troupe - La Compagnie Memso","og_description":"La Compagnie Memso est n\u00e9e en 2014 de la rencontre d&rsquo;acteurs autour du travail de Robert Castle et Alejandra Orozco directeurs d\u2019acteurs am\u00e9ricains fondateurs de IT New-York production. De parcours et d\u2019exp\u00e9riences divers, les acteurs de la compagnie se sont retrouv\u00e9s sur une conviction : la qualit\u00e9 du jeu d\u2019acteur passe par un entra\u00eenement exigeant [&hellip;]","og_url":"https:\/\/www.memso.org\/net\/index.php\/comediens-2\/","og_site_name":"La Compagnie Memso","article_modified_time":"2024-07-11T14:02:56+00:00","og_image":[{"width":1024,"height":683,"url":"https:\/\/www.memso.org\/net\/wp-content\/uploads\/2019\/05\/2W6A7180.jpg","type":"image\/jpeg"}],"twitter_card":"summary_large_image","twitter_misc":{"Dur\u00e9e de lecture estim\u00e9e":"1 minute"},"schema":{"@context":"https:\/\/schema.org","@graph":[{"@type":"WebSite","@id":"https:\/\/www.memso.org\/net\/#website","url":"https:\/\/www.memso.org\/net\/","name":"La Compagnie Memso","description":"","potentialAction":[{"@type":"SearchAction","target":{"@type":"EntryPoint","urlTemplate":"https:\/\/www.memso.org\/net\/?s={search_term_string}"},"query-input":"required name=search_term_string"}],"inLanguage":"fr-FR"},{"@type":"ImageObject","@id":"https:\/\/www.memso.org\/net\/index.php\/comediens-2\/#primaryimage","inLanguage":"fr-FR","url":"https:\/\/www.memso.org\/net\/wp-content\/uploads\/2019\/05\/2W6A7180.jpg","contentUrl":"https:\/\/www.memso.org\/net\/wp-content\/uploads\/2019\/05\/2W6A7180.jpg","width":1024,"height":683},{"@type":"WebPage","@id":"https:\/\/www.memso.org\/net\/index.php\/comediens-2\/#webpage","url":"https:\/\/www.memso.org\/net\/index.php\/comediens-2\/","name":"Une Troupe - La Compagnie Memso","isPartOf":{"@id":"https:\/\/www.memso.org\/net\/#website"},"primaryImageOfPage":{"@id":"https:\/\/www.memso.org\/net\/index.php\/comediens-2\/#primaryimage"},"datePublished":"2019-05-19T21:06:52+00:00","dateModified":"2024-07-11T14:02:56+00:00","breadcrumb":{"@id":"https:\/\/www.memso.org\/net\/index.php\/comediens-2\/#breadcrumb"},"inLanguage":"fr-FR","potentialAction":[{"@type":"ReadAction","target":["https:\/\/www.memso.org\/net\/index.php\/comediens-2\/"]}]},{"@type":"BreadcrumbList","@id":"https:\/\/www.memso.org\/net\/index.php\/comediens-2\/#breadcrumb","itemListElement":[{"@type":"ListItem","position":1,"name":"Accueil","item":"https:\/\/www.memso.org\/net\/"},{"@type":"ListItem","position":2,"name":"Une Troupe"}]}]}},"coauthors":[],"author_meta":{"author_link":"https:\/\/www.memso.org\/net\/index.php\/author\/memadmin\/","display_name":"MemAdmin"},"relative_dates":{"created":"Publi\u00e9 7 ans il y a","modified":"Mis \u00e0 jour 2 ans il y a"},"absolute_dates":{"created":"Publi\u00e9 le 19 mai 2019","modified":"Mise \u00e0 jour le 11 juillet 2024"},"absolute_dates_time":{"created":"Publi\u00e9 le 19 mai 2019 23 h 06 min","modified":"Mise \u00e0 jour le 11 juillet 2024 16 h 02 min"},"featured_img_caption":"","featured_img":"https:\/\/www.memso.org\/net\/wp-content\/uploads\/2019\/05\/2W6A7180.jpg","series_order":"","_links":{"self":[{"href":"https:\/\/www.memso.org\/net\/index.php\/wp-json\/wp\/v2\/pages\/83","targetHints":{"allow":["GET"]}}],"collection":[{"href":"https:\/\/www.memso.org\/net\/index.php\/wp-json\/wp\/v2\/pages"}],"about":[{"href":"https:\/\/www.memso.org\/net\/index.php\/wp-json\/wp\/v2\/types\/page"}],"author":[{"embeddable":true,"href":"https:\/\/www.memso.org\/net\/index.php\/wp-json\/wp\/v2\/users\/1"}],"replies":[{"embeddable":true,"href":"https:\/\/www.memso.org\/net\/index.php\/wp-json\/wp\/v2\/comments?post=83"}],"version-history":[{"count":13,"href":"https:\/\/www.memso.org\/net\/index.php\/wp-json\/wp\/v2\/pages\/83\/revisions"}],"predecessor-version":[{"id":896,"href":"https:\/\/www.memso.org\/net\/index.php\/wp-json\/wp\/v2\/pages\/83\/revisions\/896"}],"wp:featuredmedia":[{"embeddable":true,"href":"https:\/\/www.memso.org\/net\/index.php\/wp-json\/wp\/v2\/media\/19"}],"wp:attachment":[{"href":"https:\/\/www.memso.org\/net\/index.php\/wp-json\/wp\/v2\/media?parent=83"}],"curies":[{"name":"wp","href":"https:\/\/api.w.org\/{rel}","templated":true}]}}