{"id":924,"date":"2024-07-12T10:36:31","date_gmt":"2024-07-12T08:36:31","guid":{"rendered":"http:\/\/www.memso.org\/net\/?page_id=924"},"modified":"2024-07-12T11:05:26","modified_gmt":"2024-07-12T09:05:26","slug":"jouer-chez-lhabitant","status":"publish","type":"page","link":"https:\/\/www.memso.org\/net\/index.php\/jouer-chez-lhabitant\/","title":{"rendered":"Jouer chez l&rsquo;habitant"},"content":{"rendered":"<p><img loading=\"lazy\" decoding=\"async\" class=\"size-medium wp-image-945 aligncenter\" src=\"http:\/\/www.memso.org\/net\/wp-content\/uploads\/2024\/07\/DSC01641-300x200.jpg\" alt=\"\" width=\"300\" height=\"200\" srcset=\"https:\/\/www.memso.org\/net\/wp-content\/uploads\/2024\/07\/DSC01641-300x200.jpg 300w, https:\/\/www.memso.org\/net\/wp-content\/uploads\/2024\/07\/DSC01641-1024x682.jpg 1024w, https:\/\/www.memso.org\/net\/wp-content\/uploads\/2024\/07\/DSC01641-768x511.jpg 768w, https:\/\/www.memso.org\/net\/wp-content\/uploads\/2024\/07\/DSC01641-1536x1022.jpg 1536w, https:\/\/www.memso.org\/net\/wp-content\/uploads\/2024\/07\/DSC01641-2048x1363.jpg 2048w, https:\/\/www.memso.org\/net\/wp-content\/uploads\/2024\/07\/DSC01641-750x499.jpg 750w\" sizes=\"auto, (max-width: 300px) 100vw, 300px\" \/><\/p>\n<p><span style=\"font-weight: 400; font-family: verdana, geneva, sans-serif;\">Depuis 2019 et la cr\u00e9ation de \u00ab\u00a0Tunnel\u00a0\u00bb,&nbsp; l\u2019\u00e9quipe a d\u00e9cid\u00e9 de proposer \u00e9galement ses spectacles sous une autre forme :&nbsp; <em><strong>JOUER CHEZ L\u2019HABITANT<\/strong><\/em>.&nbsp;<\/span><\/p>\n<p><span style=\"font-weight: 400; font-family: verdana, geneva, sans-serif;\">Cette d\u00e9marche a \u00e9t\u00e9 initi\u00e9e notamment :&nbsp;<\/span><\/p>\n<ul style=\"list-style-type: disc;\">\n<li><span style=\"font-family: verdana, geneva, sans-serif;\"><span style=\"font-weight: 400;\">Pour permettre aux spectacles de vivre et se bonifier sans d\u00e9pendre des imp\u00e9ratifs de programmation<\/span><\/span><\/li>\n<li><span style=\"font-family: verdana, geneva, sans-serif;\"><span style=\"font-weight: 400;\">Pour proposer une fa\u00e7on atypique et renouvel\u00e9e de voir du th\u00e9\u00e2tre&nbsp;<\/span><\/span><\/li>\n<li><span style=\"font-family: verdana, geneva, sans-serif;\"><span style=\"font-weight: 400;\">Pour faciliter l\u2019acc\u00e8s au th\u00e9\u00e2tre \u00e0 un public qui n\u2019en n&rsquo;a pas le r\u00e9flexe&nbsp;<\/span><\/span><\/li>\n<\/ul>\n<p><span style=\"font-weight: 400; font-family: verdana, geneva, sans-serif;\">Depuis D\u00e9cembre 2019, nous avons jou\u00e9 une quelques dizaines de fois \u00ab chez l\u2019habitant \u00bb avec un plaisir et un int\u00e9r\u00eat grandissant. <\/span><span style=\"font-weight: 400; font-family: verdana, geneva, sans-serif;\">Cette exp\u00e9rience a montr\u00e9 l\u2019int\u00e9r\u00eat de cette forme pour un public qui voit le th\u00e9\u00e2tre entrer dans son quotidien. Plus question de&nbsp; code, de convention, d\u2019habitude ou de connaissance. Cela a \u00e9t\u00e9 \u00e0 chaque fois un moment de partage intense. Notre envie derri\u00e8re cette d\u00e9marche est bien s\u00fbr de contacter un public qui se sent \u00ab loin \u00bb du th\u00e9\u00e2tre et de lui donner envie de&nbsp; reprendre le chemin des salles.<\/span><\/p>\n<p><span style=\"font-family: verdana, geneva, sans-serif;\">C&rsquo;est \u00e9galement, plus que jamais, une d\u00e9marche qui propose facilement un espace d&rsquo;exp\u00e9rience commune. A l&rsquo;heure o\u00f9 nous vivons et constatons le manque de lien, de possibilit\u00e9 d&rsquo;ouverture vers l&rsquo;autre et de partage, cette proposition nous semble d\u00e9passer la proposition artistique pour aller humblement contribuer au \u00ab\u00a0vivre ensemble\u00a0\u00bb&nbsp;<\/span><\/p>\nngg_shortcode_0_placeholder\n","protected":false},"excerpt":{"rendered":"<p>Depuis 2019 et la cr\u00e9ation de \u00ab\u00a0Tunnel\u00a0\u00bb,&nbsp; l\u2019\u00e9quipe a d\u00e9cid\u00e9 de proposer \u00e9galement ses spectacles sous une autre forme :&nbsp; JOUER CHEZ L\u2019HABITANT.&nbsp; Cette d\u00e9marche a \u00e9t\u00e9 initi\u00e9e notamment :&nbsp; Pour permettre aux spectacles de vivre et se bonifier sans d\u00e9pendre des imp\u00e9ratifs de programmation Pour proposer une fa\u00e7on atypique et renouvel\u00e9e de voir du [&hellip;]<\/p>\n","protected":false},"author":2,"featured_media":0,"parent":0,"menu_order":0,"comment_status":"closed","ping_status":"closed","template":"","meta":{"advgb_blocks_editor_width":"","advgb_blocks_columns_visual_guide":"","ngg_post_thumbnail":0,"_themeisle_gutenberg_block_has_review":false,"footnotes":""},"class_list":["post-924","page","type-page","status-publish","hentry"],"yoast_head":"<!-- This site is optimized with the Yoast SEO plugin v17.3 - https:\/\/yoast.com\/wordpress\/plugins\/seo\/ -->\n<title>Jouer chez l&#039;habitant - La Compagnie Memso<\/title>\n<meta name=\"robots\" content=\"index, follow, max-snippet:-1, max-image-preview:large, max-video-preview:-1\" \/>\n<link rel=\"canonical\" href=\"https:\/\/www.memso.org\/net\/index.php\/jouer-chez-lhabitant\/\" \/>\n<meta property=\"og:locale\" content=\"fr_FR\" \/>\n<meta property=\"og:type\" content=\"article\" \/>\n<meta property=\"og:title\" content=\"Jouer chez l&#039;habitant - La Compagnie Memso\" \/>\n<meta property=\"og:description\" content=\"Depuis 2019 et la cr\u00e9ation de \u00ab\u00a0Tunnel\u00a0\u00bb,&nbsp; l\u2019\u00e9quipe a d\u00e9cid\u00e9 de proposer \u00e9galement ses spectacles sous une autre forme :&nbsp; JOUER CHEZ L\u2019HABITANT.&nbsp; Cette d\u00e9marche a \u00e9t\u00e9 initi\u00e9e notamment :&nbsp; Pour permettre aux spectacles de vivre et se bonifier sans d\u00e9pendre des imp\u00e9ratifs de programmation Pour proposer une fa\u00e7on atypique et renouvel\u00e9e de voir du [&hellip;]\" \/>\n<meta property=\"og:url\" content=\"https:\/\/www.memso.org\/net\/index.php\/jouer-chez-lhabitant\/\" \/>\n<meta property=\"og:site_name\" content=\"La Compagnie Memso\" \/>\n<meta property=\"article:modified_time\" content=\"2024-07-12T09:05:26+00:00\" \/>\n<meta property=\"og:image\" content=\"http:\/\/www.memso.org\/net\/wp-content\/uploads\/2024\/07\/DSC01641-300x200.jpg\" \/>\n<meta name=\"twitter:card\" content=\"summary_large_image\" \/>\n<meta name=\"twitter:label1\" content=\"Dur\u00e9e de lecture estim\u00e9e\" \/>\n\t<meta name=\"twitter:data1\" content=\"1 minute\" \/>\n<script type=\"application\/ld+json\" class=\"yoast-schema-graph\">{\"@context\":\"https:\/\/schema.org\",\"@graph\":[{\"@type\":\"WebSite\",\"@id\":\"https:\/\/www.memso.org\/net\/#website\",\"url\":\"https:\/\/www.memso.org\/net\/\",\"name\":\"La Compagnie Memso\",\"description\":\"\",\"potentialAction\":[{\"@type\":\"SearchAction\",\"target\":{\"@type\":\"EntryPoint\",\"urlTemplate\":\"https:\/\/www.memso.org\/net\/?s={search_term_string}\"},\"query-input\":\"required name=search_term_string\"}],\"inLanguage\":\"fr-FR\"},{\"@type\":\"ImageObject\",\"@id\":\"https:\/\/www.memso.org\/net\/index.php\/jouer-chez-lhabitant\/#primaryimage\",\"inLanguage\":\"fr-FR\",\"url\":\"http:\/\/www.memso.org\/net\/wp-content\/uploads\/2024\/07\/DSC01641-300x200.jpg\",\"contentUrl\":\"http:\/\/www.memso.org\/net\/wp-content\/uploads\/2024\/07\/DSC01641-300x200.jpg\"},{\"@type\":\"WebPage\",\"@id\":\"https:\/\/www.memso.org\/net\/index.php\/jouer-chez-lhabitant\/#webpage\",\"url\":\"https:\/\/www.memso.org\/net\/index.php\/jouer-chez-lhabitant\/\",\"name\":\"Jouer chez l'habitant - La Compagnie Memso\",\"isPartOf\":{\"@id\":\"https:\/\/www.memso.org\/net\/#website\"},\"primaryImageOfPage\":{\"@id\":\"https:\/\/www.memso.org\/net\/index.php\/jouer-chez-lhabitant\/#primaryimage\"},\"datePublished\":\"2024-07-12T08:36:31+00:00\",\"dateModified\":\"2024-07-12T09:05:26+00:00\",\"breadcrumb\":{\"@id\":\"https:\/\/www.memso.org\/net\/index.php\/jouer-chez-lhabitant\/#breadcrumb\"},\"inLanguage\":\"fr-FR\",\"potentialAction\":[{\"@type\":\"ReadAction\",\"target\":[\"https:\/\/www.memso.org\/net\/index.php\/jouer-chez-lhabitant\/\"]}]},{\"@type\":\"BreadcrumbList\",\"@id\":\"https:\/\/www.memso.org\/net\/index.php\/jouer-chez-lhabitant\/#breadcrumb\",\"itemListElement\":[{\"@type\":\"ListItem\",\"position\":1,\"name\":\"Accueil\",\"item\":\"https:\/\/www.memso.org\/net\/\"},{\"@type\":\"ListItem\",\"position\":2,\"name\":\"Jouer chez l&rsquo;habitant\"}]}]}<\/script>\n<!-- \/ Yoast SEO plugin. -->","yoast_head_json":{"title":"Jouer chez l'habitant - La Compagnie Memso","robots":{"index":"index","follow":"follow","max-snippet":"max-snippet:-1","max-image-preview":"max-image-preview:large","max-video-preview":"max-video-preview:-1"},"canonical":"https:\/\/www.memso.org\/net\/index.php\/jouer-chez-lhabitant\/","og_locale":"fr_FR","og_type":"article","og_title":"Jouer chez l'habitant - La Compagnie Memso","og_description":"Depuis 2019 et la cr\u00e9ation de \u00ab\u00a0Tunnel\u00a0\u00bb,&nbsp; l\u2019\u00e9quipe a d\u00e9cid\u00e9 de proposer \u00e9galement ses spectacles sous une autre forme :&nbsp; JOUER CHEZ L\u2019HABITANT.&nbsp; Cette d\u00e9marche a \u00e9t\u00e9 initi\u00e9e notamment :&nbsp; Pour permettre aux spectacles de vivre et se bonifier sans d\u00e9pendre des imp\u00e9ratifs de programmation Pour proposer une fa\u00e7on atypique et renouvel\u00e9e de voir du [&hellip;]","og_url":"https:\/\/www.memso.org\/net\/index.php\/jouer-chez-lhabitant\/","og_site_name":"La Compagnie Memso","article_modified_time":"2024-07-12T09:05:26+00:00","og_image":[{"url":"http:\/\/www.memso.org\/net\/wp-content\/uploads\/2024\/07\/DSC01641-300x200.jpg"}],"twitter_card":"summary_large_image","twitter_misc":{"Dur\u00e9e de lecture estim\u00e9e":"1 minute"},"schema":{"@context":"https:\/\/schema.org","@graph":[{"@type":"WebSite","@id":"https:\/\/www.memso.org\/net\/#website","url":"https:\/\/www.memso.org\/net\/","name":"La Compagnie Memso","description":"","potentialAction":[{"@type":"SearchAction","target":{"@type":"EntryPoint","urlTemplate":"https:\/\/www.memso.org\/net\/?s={search_term_string}"},"query-input":"required name=search_term_string"}],"inLanguage":"fr-FR"},{"@type":"ImageObject","@id":"https:\/\/www.memso.org\/net\/index.php\/jouer-chez-lhabitant\/#primaryimage","inLanguage":"fr-FR","url":"http:\/\/www.memso.org\/net\/wp-content\/uploads\/2024\/07\/DSC01641-300x200.jpg","contentUrl":"http:\/\/www.memso.org\/net\/wp-content\/uploads\/2024\/07\/DSC01641-300x200.jpg"},{"@type":"WebPage","@id":"https:\/\/www.memso.org\/net\/index.php\/jouer-chez-lhabitant\/#webpage","url":"https:\/\/www.memso.org\/net\/index.php\/jouer-chez-lhabitant\/","name":"Jouer chez l'habitant - La Compagnie Memso","isPartOf":{"@id":"https:\/\/www.memso.org\/net\/#website"},"primaryImageOfPage":{"@id":"https:\/\/www.memso.org\/net\/index.php\/jouer-chez-lhabitant\/#primaryimage"},"datePublished":"2024-07-12T08:36:31+00:00","dateModified":"2024-07-12T09:05:26+00:00","breadcrumb":{"@id":"https:\/\/www.memso.org\/net\/index.php\/jouer-chez-lhabitant\/#breadcrumb"},"inLanguage":"fr-FR","potentialAction":[{"@type":"ReadAction","target":["https:\/\/www.memso.org\/net\/index.php\/jouer-chez-lhabitant\/"]}]},{"@type":"BreadcrumbList","@id":"https:\/\/www.memso.org\/net\/index.php\/jouer-chez-lhabitant\/#breadcrumb","itemListElement":[{"@type":"ListItem","position":1,"name":"Accueil","item":"https:\/\/www.memso.org\/net\/"},{"@type":"ListItem","position":2,"name":"Jouer chez l&rsquo;habitant"}]}]}},"coauthors":[],"author_meta":{"author_link":"https:\/\/www.memso.org\/net\/index.php\/author\/roger\/","display_name":"Roger Contebardo"},"relative_dates":{"created":"Publi\u00e9 2 ans il y a","modified":"Mis \u00e0 jour 2 ans il y a"},"absolute_dates":{"created":"Publi\u00e9 le 12 juillet 2024","modified":"Mise \u00e0 jour le 12 juillet 2024"},"absolute_dates_time":{"created":"Publi\u00e9 le 12 juillet 2024 10 h 36 min","modified":"Mise \u00e0 jour le 12 juillet 2024 11 h 05 min"},"featured_img_caption":"","featured_img":false,"series_order":"","_links":{"self":[{"href":"https:\/\/www.memso.org\/net\/index.php\/wp-json\/wp\/v2\/pages\/924","targetHints":{"allow":["GET"]}}],"collection":[{"href":"https:\/\/www.memso.org\/net\/index.php\/wp-json\/wp\/v2\/pages"}],"about":[{"href":"https:\/\/www.memso.org\/net\/index.php\/wp-json\/wp\/v2\/types\/page"}],"author":[{"embeddable":true,"href":"https:\/\/www.memso.org\/net\/index.php\/wp-json\/wp\/v2\/users\/2"}],"replies":[{"embeddable":true,"href":"https:\/\/www.memso.org\/net\/index.php\/wp-json\/wp\/v2\/comments?post=924"}],"version-history":[{"count":9,"href":"https:\/\/www.memso.org\/net\/index.php\/wp-json\/wp\/v2\/pages\/924\/revisions"}],"predecessor-version":[{"id":949,"href":"https:\/\/www.memso.org\/net\/index.php\/wp-json\/wp\/v2\/pages\/924\/revisions\/949"}],"wp:attachment":[{"href":"https:\/\/www.memso.org\/net\/index.php\/wp-json\/wp\/v2\/media?parent=924"}],"curies":[{"name":"wp","href":"https:\/\/api.w.org\/{rel}","templated":true}]}}